{"id":1083,"date":"2024-03-28T17:54:12","date_gmt":"2024-03-28T14:54:12","guid":{"rendered":"https:\/\/tutonmetal.com\/?page_id=1083"},"modified":"2026-02-19T09:58:39","modified_gmt":"2026-02-19T06:58:39","slug":"tuton-aksesuar","status":"publish","type":"page","link":"https:\/\/www.tutonmetal.com\/de\/tuton-aksesuar\/","title":{"rendered":"Tuton Zubeh\u00f6r"},"content":{"rendered":"<div data-elementor-type=\"wp-page\" data-elementor-id=\"1083\" class=\"elementor elementor-1083\">\n\t\t\t\t<div class=\"elementor-element elementor-element-699b0fa e-flex e-con-boxed e-con e-parent\" data-id=\"699b0fa\" data-element_type=\"container\" data-core-v316-plus=\"true\">\n\t\t\t\t\t<div class=\"e-con-inner\">\n\t\t\t\t<div class=\"elementor-element elementor-element-29c7765 elementor-tabs-alignment-center elementor-tabs-view-horizontal elementor-widget elementor-widget-tabs\" data-id=\"29c7765\" data-element_type=\"widget\" data-widget_type=\"tabs.default\">\n\t\t\t\t<div class=\"elementor-widget-container\">\n\t\t\t<style>\/*! elementor - v3.20.0 - 13-03-2024 *\/\n.elementor-widget-tabs.elementor-tabs-view-vertical .elementor-tabs-wrapper{width:25%;flex-shrink:0}.elementor-widget-tabs.elementor-tabs-view-vertical .elementor-tab-desktop-title.elementor-active{border-right-style:none}.elementor-widget-tabs.elementor-tabs-view-vertical .elementor-tab-desktop-title.elementor-active:after,.elementor-widget-tabs.elementor-tabs-view-vertical .elementor-tab-desktop-title.elementor-active:before{height:999em;width:0;right:0;border-right-style:solid}.elementor-widget-tabs.elementor-tabs-view-vertical .elementor-tab-desktop-title.elementor-active:before{top:0;transform:translateY(-100%)}.elementor-widget-tabs.elementor-tabs-view-vertical .elementor-tab-desktop-title.elementor-active:after{top:100%}.elementor-widget-tabs.elementor-tabs-view-horizontal .elementor-tab-desktop-title{display:table-cell}.elementor-widget-tabs.elementor-tabs-view-horizontal .elementor-tab-desktop-title.elementor-active{border-bottom-style:none}.elementor-widget-tabs.elementor-tabs-view-horizontal .elementor-tab-desktop-title.elementor-active:after,.elementor-widget-tabs.elementor-tabs-view-horizontal .elementor-tab-desktop-title.elementor-active:before{bottom:0;height:0;width:999em;border-bottom-style:solid}.elementor-widget-tabs.elementor-tabs-view-horizontal .elementor-tab-desktop-title.elementor-active:before{right:100%}.elementor-widget-tabs.elementor-tabs-view-horizontal .elementor-tab-desktop-title.elementor-active:after{left:100%}.elementor-widget-tabs .elementor-tab-content,.elementor-widget-tabs .elementor-tab-title,.elementor-widget-tabs .elementor-tab-title:after,.elementor-widget-tabs .elementor-tab-title:before,.elementor-widget-tabs .elementor-tabs-content-wrapper{border:1px #d5d8dc}.elementor-widget-tabs .elementor-tabs{text-align:left}.elementor-widget-tabs .elementor-tabs-wrapper{overflow:hidden}.elementor-widget-tabs .elementor-tab-title{cursor:pointer;outline:var(--focus-outline,none)}.elementor-widget-tabs .elementor-tab-desktop-title{position:relative;padding:20px 25px;font-weight:700;line-height:1;border:solid transparent}.elementor-widget-tabs .elementor-tab-desktop-title.elementor-active{border-color:#d5d8dc}.elementor-widget-tabs .elementor-tab-desktop-title.elementor-active:after,.elementor-widget-tabs .elementor-tab-desktop-title.elementor-active:before{display:block;content:\"\";position:absolute}.elementor-widget-tabs .elementor-tab-desktop-title:focus-visible{border:1px solid #000}.elementor-widget-tabs .elementor-tab-mobile-title{padding:10px;cursor:pointer}.elementor-widget-tabs .elementor-tab-content{padding:20px;display:none}@media (max-width:767px){.elementor-tabs .elementor-tab-content,.elementor-tabs .elementor-tab-title{border-style:solid solid none}.elementor-tabs .elementor-tabs-wrapper{display:none}.elementor-tabs .elementor-tabs-content-wrapper{border-bottom-style:solid}.elementor-tabs .elementor-tab-content{padding:10px}}@media (min-width:768px){.elementor-widget-tabs.elementor-tabs-view-vertical .elementor-tabs{display:flex}.elementor-widget-tabs.elementor-tabs-view-vertical .elementor-tabs-wrapper{flex-direction:column}.elementor-widget-tabs.elementor-tabs-view-vertical .elementor-tabs-content-wrapper{flex-grow:1;border-style:solid solid solid none}.elementor-widget-tabs.elementor-tabs-view-horizontal .elementor-tab-content{border-style:none solid solid}.elementor-widget-tabs.elementor-tabs-alignment-center .elementor-tabs-wrapper,.elementor-widget-tabs.elementor-tabs-alignment-end .elementor-tabs-wrapper,.elementor-widget-tabs.elementor-tabs-alignment-stretch .elementor-tabs-wrapper{display:flex}.elementor-widget-tabs.elementor-tabs-alignment-center .elementor-tabs-wrapper{justify-content:center}.elementor-widget-tabs.elementor-tabs-alignment-end .elementor-tabs-wrapper{justify-content:flex-end}.elementor-widget-tabs.elementor-tabs-alignment-stretch.elementor-tabs-view-horizontal .elementor-tab-title{width:100%}.elementor-widget-tabs.elementor-tabs-alignment-stretch.elementor-tabs-view-vertical .elementor-tab-title{height:100%}.elementor-tabs .elementor-tab-mobile-title{display:none}}<\/style>\t\t<div class=\"elementor-tabs\">\n\t\t\t<div class=\"elementor-tabs-wrapper\" role=\"tablist\" >\n\t\t\t\t\t\t\t\t\t<div id=\"elementor-tab-title-4381\" class=\"elementor-tab-title elementor-tab-desktop-title\" aria-selected=\"true\" data-tab=\"1\" role=\"tab\" tabindex=\"0\" aria-controls=\"elementor-tab-content-4381\" aria-expanded=\"false\">Zubeh\u00f6r<\/div>\n\t\t\t\t\t\t\t<\/div>\n\t\t\t<div class=\"elementor-tabs-content-wrapper\" role=\"tablist\" aria-orientation=\"vertical\">\n\t\t\t\t\t\t\t\t\t<div class=\"elementor-tab-title elementor-tab-mobile-title\" aria-selected=\"true\" data-tab=\"1\" role=\"tab\" tabindex=\"0\" aria-controls=\"elementor-tab-content-4381\" aria-expanded=\"false\">Zubeh\u00f6r<\/div>\n\t\t\t\t\t<div id=\"elementor-tab-content-4381\" class=\"elementor-tab-content elementor-clearfix\" data-tab=\"1\" role=\"tabpanel\" aria-labelledby=\"elementor-tab-title-4381\" tabindex=\"0\" hidden=\"false\"><p><strong style=\"color: #013175;\">STELLSCHRAUBE<\/strong><\/p><p><img decoding=\"async\" class=\"alignleft wp-image-1645 size-medium\" src=\"https:\/\/tutonmetal.com\/wp-content\/uploads\/2026\/02\/Ayar-Vidasi-127x300.jpg\" alt=\"\" width=\"127\" height=\"300\" srcset=\"https:\/\/www.tutonmetal.com\/wp-content\/uploads\/2026\/02\/Ayar-Vidasi-127x300.jpg 127w, https:\/\/www.tutonmetal.com\/wp-content\/uploads\/2026\/02\/Ayar-Vidasi-5x12.jpg 5w, https:\/\/www.tutonmetal.com\/wp-content\/uploads\/2026\/02\/Ayar-Vidasi.jpg 136w\" sizes=\"(max-width: 127px) 100vw, 127px\" \/><\/p><p><strong style=\"color: #013175;\">Produktbeschreibung<\/strong><br \/>Der Stahl ist feuerverzinkt, mit 8 Walzmuttern.\nSchnellmontage-Gewinde,\n150\u00d7150\u00d7150\u00d75 mm R\u00e4ndelmutter-Sicherung\ngegen Entfernen der Hauptplatte.<\/p><table><tbody><tr><th>L\u00e4nge\n(m)<\/th><th>Breite\n(m)<\/th><th>Gewicht\n(Kg)<\/th><th>Produkt\nCode<\/th><\/tr><tr><td>0,30<\/td><td>&#8212;<\/td><td>2,90<\/td><td>A-G1.1-030-\/EG<\/td><\/tr><tr><td>0,50<\/td><td>&#8212;<\/td><td>3,20<\/td><td>A-G1.1-050\/EG<\/td><\/tr><tr><td>0,60<\/td><td>&#8212;<\/td><td>3,40<\/td><td>A-G1.1-060\/EG<\/td><\/tr><tr><td>0,80<\/td><td>&#8212;<\/td><td>3,90<\/td><td>A-G1.1-080\/EG<\/td><\/tr><tr><td>1,00<\/td><td>&#8212;<\/td><td>4,60<\/td><td>A-G1.1-100\/EG<\/td><\/tr><tr><td>1,20<\/td><td>&#8212;<\/td><td>5,00<\/td><td>A-G1.1-120\/EG<\/td><\/tr><\/tbody><\/table><p><strong style=\"color: #013175;\">BEWEGBARE\nSTELLSCHRAUBE<\/strong><\/p><p><img decoding=\"async\" class=\"alignleft wp-image-1644 size-medium\" src=\"https:\/\/tutonmetal.com\/wp-content\/uploads\/2026\/02\/hareket-ettirilebilir-ayar-vidasi-127x300.jpg\" alt=\"\" width=\"127\" height=\"300\" srcset=\"https:\/\/www.tutonmetal.com\/wp-content\/uploads\/2026\/02\/hareket-ettirilebilir-ayar-vidasi-127x300.jpg 127w, https:\/\/www.tutonmetal.com\/wp-content\/uploads\/2026\/02\/hareket-ettirilebilir-ayar-vidasi-5x12.jpg 5w, https:\/\/www.tutonmetal.com\/wp-content\/uploads\/2026\/02\/hareket-ettirilebilir-ayar-vidasi.jpg 136w\" sizes=\"(max-width: 127px) 100vw, 127px\" \/><\/p><p><strong style=\"color: #013175;\">Produktbeschreibung<\/strong><br \/>Der Stahl ist feuerverzinkt, mit 8 Walzmuttern.\nSchnellmontage-Gewinde,\n150\u00d7150\u00d7150\u00d75 mm R\u00e4ndelmutter-Sicherung\ngegen Entfernen der Hauptplatte.<\/p><table><tbody><tr><th>L\u00e4nge\n(m)<\/th><th>Breite\n(m)<\/th><th>Gewicht\n(Kg)<\/th><th>Produkt\nCode<\/th><\/tr><tr><td>0,60<\/td><td>&#8212;<\/td><td>3,40<\/td><td>A-G1.2-060\/EG<\/td><\/tr><tr><td>0,80<\/td><td>&#8212;<\/td><td>4,40<\/td><td>A-G1.2-080\/EG<\/td><\/tr><\/tbody><\/table><p><strong style=\"color: #013175;\">\u00a0RADEINSTELLSCHRAUBE<\/strong><\/p><p><img decoding=\"async\" class=\"alignleft wp-image-1643 size-full\" src=\"https:\/\/tutonmetal.com\/wp-content\/uploads\/2026\/02\/tekerlikli-ayar-vidasi.jpg\" alt=\"\" width=\"136\" height=\"247\" srcset=\"https:\/\/www.tutonmetal.com\/wp-content\/uploads\/2026\/02\/tekerlikli-ayar-vidasi.jpg 136w, https:\/\/www.tutonmetal.com\/wp-content\/uploads\/2026\/02\/tekerlikli-ayar-vidasi-7x12.jpg 7w\" sizes=\"(max-width: 136px) 100vw, 136px\" \/><\/p><p><strong style=\"color: #013175;\">Produktbeschreibung<\/strong><br \/>900 kg Tragkraft, R\u00e4der aus Kunststoff,\nh\u00f6henverstellbar dank der daran befestigten\nWelle. F\u00fcr bewegliche S\u00e4ulen.<\/p><table><tbody><tr><th>L\u00e4nge\n(m)<\/th><th>Breite\n(m)<\/th><th>Gewicht\n(Kg)<\/th><th>Produkt\nCode<\/th><\/tr><tr><td>0,80<\/td><td>&#8212;<\/td><td>7,00<\/td><td>A-G1.3-060\/EG<\/td><\/tr><\/tbody><\/table><p><strong style=\"color: #013175;\">FESTSCHELLE<\/strong><\/p><p><img loading=\"lazy\" decoding=\"async\" class=\"alignleft size-full wp-image-1206\" src=\"https:\/\/tutonmetal.com\/wp-content\/uploads\/2024\/04\/sabit-kelepce.png\" alt=\"\" width=\"167\" height=\"170\" \/><\/p><p><strong style=\"color: #013175;\">Produktbeschreibung<\/strong><br \/>Robustes Modell, Stahl, feuergeschmiedet,\nfeuerverzinkt.<\/p><table><tbody><tr><th>Breite<\/th><th>Durchmesser<\/th><th>L\u00e4nge\n (cm)<\/th><th>Breite\n(cm)<\/th><th>Gewicht\n(Kg)<\/th><th>Produkt\nCode<\/th><\/tr><tr><td>74,1<\/td><td>48\/48<\/td><td>&#8212;<\/td><td>&#8212;<\/td><td>1,15<\/td><td>A-G10.1-019<\/td><\/tr><\/tbody><\/table><p><strong style=\"color: #013175;\">DREHBARE SCHELLE<\/strong><\/p><p><img loading=\"lazy\" decoding=\"async\" class=\"alignleft wp-image-1660 size-full\" src=\"https:\/\/tutonmetal.com\/wp-content\/uploads\/2026\/02\/goner-kelepce-1.jpg\" alt=\"\" width=\"142\" height=\"190\" srcset=\"https:\/\/www.tutonmetal.com\/wp-content\/uploads\/2026\/02\/goner-kelepce-1.jpg 142w, https:\/\/www.tutonmetal.com\/wp-content\/uploads\/2026\/02\/goner-kelepce-1-9x12.jpg 9w\" sizes=\"(max-width: 142px) 100vw, 142px\" \/><\/p><p><strong style=\"color: #013175;\">Produktbeschreibung<\/strong><br \/>Robustes Modell, Stahl, feuergeschmiedet,\nfeuerverzinkt.<\/p><table><tbody><tr><th>Breite<\/th><th>Durchmesser<\/th><th>L\u00e4nge\n (cm)<\/th><th>Breite\n(cm)<\/th><th>Gewicht\n(Kg)<\/th><th>Produkt\nCode<\/th><\/tr><tr><td>74,1<\/td><td>48\/48<\/td><td>&#8212;<\/td><td>&#8212;<\/td><td>1,14<\/td><td>A-G10.2-019<\/td><\/tr><\/tbody><\/table><p><strong style=\"color: #013175;\">MONTAGEBOLZEN\nAUS STAHL<\/strong><\/p><p><img loading=\"lazy\" decoding=\"async\" class=\"alignleft wp-image-1652 size-full\" src=\"https:\/\/tutonmetal.com\/wp-content\/uploads\/2026\/02\/celik-montaj-saplamasi.jpg\" alt=\"\" width=\"198\" height=\"95\" srcset=\"https:\/\/www.tutonmetal.com\/wp-content\/uploads\/2026\/02\/celik-montaj-saplamasi.jpg 198w, https:\/\/www.tutonmetal.com\/wp-content\/uploads\/2026\/02\/celik-montaj-saplamasi-18x9.jpg 18w\" sizes=\"(max-width: 198px) 100vw, 198px\" \/><\/p><p><strong style=\"color: #013175;\">Produktbeschreibung<\/strong><br \/>M 12\u0130, verzinkt.<\/p><table><tbody><tr><th>Breite<\/th><th>Durchmesser<\/th><th>L\u00e4nge\n(m)<\/th><th>Breite\n(m)<\/th><th>Gewicht\n(Kg)<\/th><th>Produkt\nCode<\/th><\/tr><tr><td>&#8212;<\/td><td>&#8212;<\/td><td>9<\/td><td>&#8212;<\/td><td>0,155<\/td><td>A-G2-009<\/td><\/tr><tr><td>&#8212;<\/td><td>&#8212;<\/td><td>12<\/td><td>&#8212;<\/td><td>0,175<\/td><td>A-G2-012<\/td><\/tr><tr><td>&#8212;<\/td><td>&#8212;<\/td><td>16<\/td><td>&#8212;<\/td><td>0,210<\/td><td>A-G2-016<\/td><\/tr><tr><td>&#8212;<\/td><td>&#8212;<\/td><td>19<\/td><td>&#8212;<\/td><td>0,235<\/td><td>A-G2-019<\/td><\/tr><tr><td>&#8212;<\/td><td>&#8212;<\/td><td>23<\/td><td>&#8212;<\/td><td>0,265<\/td><td>A-G2-023<\/td><\/tr><tr><td>&#8212;<\/td><td>&#8212;<\/td><td>30<\/td><td>&#8212;<\/td><td>0,304<\/td><td>A-G2-030<\/td><\/tr><tr><td>&#8212;<\/td><td>&#8212;<\/td><td>35<\/td><td>&#8212;<\/td><td>0,364<\/td><td>A-G2-035<\/td><\/tr><tr><td>&#8212;<\/td><td>&#8212;<\/td><td>45<\/td><td>&#8212;<\/td><td>0,424<\/td><td>A-G2-045<\/td><\/tr><\/tbody><\/table><p><strong style=\"color: #013175;\">SCHLOSSSTIFTE<\/strong><\/p><p><img loading=\"lazy\" decoding=\"async\" class=\"alignleft size-full wp-image-1225\" src=\"https:\/\/tutonmetal.com\/wp-content\/uploads\/2024\/04\/kilit-pimleri.png\" alt=\"\" width=\"155\" height=\"130\" \/><\/p><p><strong style=\"color: #013175;\">Produktbeschreibung<\/strong><\/p><p>Sie dient der Verriegelung der\nvertikalen Ger\u00fcstteile.<\/p><table><tbody><tr><th>Breite<\/th><th>Durchmesser<\/th><th>L\u00e4nge\n(m)<\/th><th>Breite\n(m)<\/th><th>Gewicht\n(Kg)<\/th><th>Produkt\nCode<\/th><\/tr><tr><td>&#8212;<\/td><td>12<\/td><td>&#8212;<\/td><td>&#8212;<\/td><td>0,155<\/td><td>A-G11-012<\/td><\/tr><tr><td>&#8212;<\/td><td>10<\/td><td>&#8212;<\/td><td>&#8212;<\/td><td>0,130<\/td><td>A-G11-010<\/td><\/tr><tr><td>&#8212;<\/td><td>8<\/td><td>&#8212;<\/td><td>&#8212;<\/td><td>0,105<\/td><td>A-G11-08<\/td><\/tr><\/tbody><\/table><p><strong style=\"color: #013175;\">H-GER\u00dcSTTRAEGERPALETTE<\/strong><\/p><p><img loading=\"lazy\" decoding=\"async\" class=\"alignleft size-full wp-image-1226\" src=\"https:\/\/tutonmetal.com\/wp-content\/uploads\/2024\/04\/h-iskele-tasima-paleti.png\" alt=\"\" width=\"187\" height=\"183\" \/><\/p><table><tbody><tr><th>Breite<\/th><th>Durchmesser<\/th><th>L\u00e4nge\n(m)<\/th><th>Breite\n(m)<\/th><th>Gewicht\n(Kg)<\/th><th>Produkt\nCode<\/th><\/tr><tr><td>&#8212;<\/td><td>&#8212;<\/td><td>245<\/td><td>65<\/td><td>40,00<\/td><td>A-G12.2-065<\/td><\/tr><tr><td>&#8212;<\/td><td>&#8212;<\/td><td>245<\/td><td>95<\/td><td>48,00<\/td><td>A-G12.2-095<\/td><\/tr><\/tbody><\/table><p><strong style=\"color: #013175;\">TREPPEN VERENGUNG<\/strong><\/p><p><img loading=\"lazy\" decoding=\"async\" class=\"alignleft size-full wp-image-1227\" src=\"https:\/\/tutonmetal.com\/wp-content\/uploads\/2024\/04\/merdiven-daraltma.png\" alt=\"\" width=\"159\" height=\"187\" \/><\/p><table><tbody><tr><th>L\u00e4nge\n(m)<\/th><th>Breite\n(m)<\/th><th>Gewicht\n(Kg)<\/th><th>Produkt\nCode<\/th><\/tr><tr><td>0,65<\/td><td>&#8212;<\/td><td>7,00<\/td><td>A-G13-065<\/td><\/tr><tr><td>0,95<\/td><td>&#8212;<\/td><td>7,50<\/td><td>A-G13-095<\/td><\/tr><\/tbody><\/table><p><span style=\"color: #013175;\"><b>ZWISCHENVERBINDUNGSSTANGE\nAUS STAHL<\/b><\/span><\/p><p><img loading=\"lazy\" decoding=\"async\" class=\"alignleft size-full wp-image-1231\" src=\"https:\/\/tutonmetal.com\/wp-content\/uploads\/2024\/04\/celik-ara-baglanti-bar.png\" alt=\"\" width=\"164\" height=\"164\" srcset=\"https:\/\/www.tutonmetal.com\/wp-content\/uploads\/2024\/04\/celik-ara-baglanti-bar.png 164w, https:\/\/www.tutonmetal.com\/wp-content\/uploads\/2024\/04\/celik-ara-baglanti-bar-150x150.png 150w\" sizes=\"(max-width: 164px) 100vw, 164px\" \/><\/p><p><strong style=\"color: #013175;\">Produktbeschreibung<\/strong><\/p><p>F\u00fcr Treppen und Querverbindungen. Bietet eine\nstarke Verbindung mit geschmiedeter Doppelklemme.\nStahlrohre \u00d8 48,3 mm dick mit dem Schmelztauchverfahren\nfeuerverzinkt.<\/p><table><tbody><tr><th>L\u00e4nge\n(m)<\/th><th>Breite\n(m)<\/th><th>Gewicht\n(Kg)<\/th><th>Produkt\nCode<\/th><\/tr><tr><td>0,65<\/td><td>&#8212;<\/td><td>3,90<\/td><td>A-G35-065<\/td><\/tr><\/tbody><\/table><p><span style=\"color: #013175;\"><b>MONTAGEVORRICHTUNG<\/b><\/span><\/p><p><img loading=\"lazy\" decoding=\"async\" class=\"alignleft wp-image-1656 size-full\" src=\"https:\/\/tutonmetal.com\/wp-content\/uploads\/2026\/02\/montaj-Aparati.jpg\" alt=\"\" width=\"154\" height=\"124\" srcset=\"https:\/\/www.tutonmetal.com\/wp-content\/uploads\/2026\/02\/montaj-Aparati.jpg 154w, https:\/\/www.tutonmetal.com\/wp-content\/uploads\/2026\/02\/montaj-Aparati-15x12.jpg 15w\" sizes=\"(max-width: 154px) 100vw, 154px\" \/><\/p><p><strong style=\"color: #013175;\">Produktbeschreibung<\/strong><\/p><p>Das Stahlrohr \u00d8 48,3 mm ist mit Schmelztauchverfahren\nverzinkt. Montagehalterung des Ger\u00fcsts.<\/p><table><tbody><tr><th>L\u00e4nge\n(m)<\/th><th>Breite\n(m)<\/th><th>Gewicht\n(Kg)<\/th><th>Produkt\nCode<\/th><\/tr><tr><td>0,20<\/td><td>&#8212;<\/td><td>1,20<\/td><td>A-G3.2-020<\/td><\/tr><tr><td>0,30<\/td><td>&#8212;<\/td><td>1,60<\/td><td>A-G3.2-030<\/td><\/tr><tr><td>0,50<\/td><td>&#8212;<\/td><td>2,40<\/td><td>A-G3.2-050<\/td><\/tr><tr><td>0,80<\/td><td>&#8212;<\/td><td>3,00<\/td><td>A-G3.2-080<\/td><\/tr><tr><td>1,00<\/td><td>&#8212;<\/td><td>4,00<\/td><td>A-G3.2-100<\/td><\/tr><tr><td>1,20<\/td><td>&#8212;<\/td><td>4,60<\/td><td>A-G3.2-120<\/td><\/tr><tr><td>1,50<\/td><td>&#8212;<\/td><td>5,40<\/td><td>A-G3.2-150<\/td><\/tr><\/tbody><\/table><p><span style=\"color: #013175;\"><b>STAHLROHR<\/b><\/span><\/p><p><img loading=\"lazy\" decoding=\"async\" class=\"alignleft size-full wp-image-1233\" src=\"https:\/\/tutonmetal.com\/wp-content\/uploads\/2024\/04\/celik-boru.png\" alt=\"\" width=\"149\" height=\"167\" \/><\/p><p><strong style=\"color: #013175;\">Produktbeschreibung<\/strong><\/p><p>48,3\u00d7 dick, ist mit dem Schmelztauchverfahren\nfeuerverzinkt.<\/p><table><tbody><tr><th>L\u00e4nge\n(m)<\/th><th>Breite\n(m)<\/th><th>Gewicht\n(Kg)<\/th><th>Produkt\nCode<\/th><\/tr><tr><td>1,00<\/td><td>&#8212;<\/td><td>3,75<\/td><td>A-G4-100<\/td><\/tr><tr><td>2,00<\/td><td>&#8212;<\/td><td>7,50<\/td><td>A-G4-200<\/td><\/tr><tr><td>3,00<\/td><td>&#8212;<\/td><td>11,25<\/td><td>A-G4-300<\/td><\/tr><tr><td>4,00<\/td><td>&#8212;<\/td><td>15,00<\/td><td>A-G4-400<\/td><\/tr><tr><td>5,00<\/td><td>&#8212;<\/td><td>18,75<\/td><td>A-G4-500<\/td><\/tr><tr><td>6,00<\/td><td>&#8212;<\/td><td>22,50<\/td><td>A-G4-600<\/td><\/tr><\/tbody><\/table><p><span style=\"color: #013175;\"><b>ALUMINIUMROHR<\/b><\/span><\/p><p><img loading=\"lazy\" decoding=\"async\" class=\"alignleft size-full wp-image-1234\" src=\"https:\/\/tutonmetal.com\/wp-content\/uploads\/2024\/04\/alumiyum-boru.png\" alt=\"\" width=\"157\" height=\"155\" \/><\/p><p><strong style=\"color: #013175;\">Produktbeschreibung<\/strong><\/p><p>48,3\u00d74,00 mm dick.<\/p><table><tbody><tr><th>L\u00e4nge\n(m)<\/th><th>Breite\n(m)<\/th><th>Gewicht\n(Kg)<\/th><th>Produkt\nCode<\/th><\/tr><tr><td>1,00<\/td><td>&#8212;<\/td><td>1,50<\/td><td>A-a4-100<\/td><\/tr><tr><td>2,00<\/td><td>&#8212;<\/td><td>3,00<\/td><td>\u00a0A-a4-200<\/td><\/tr><tr><td>3,00<\/td><td>&#8212;<\/td><td>4,50<\/td><td>\u00a0A-a4-300<\/td><\/tr><tr><td>4,00<\/td><td>&#8212;<\/td><td>6,00<\/td><td>\u00a0A-a4-400<\/td><\/tr><tr><td>5,00<\/td><td>&#8212;<\/td><td>7,50<\/td><td>\u00a0A-a4-500<\/td><\/tr><tr><td>6,00<\/td><td>&#8212;<\/td><td>9,00<\/td><td>\u00a0A-a4-600<\/td><\/tr><\/tbody><\/table><p><span style=\"color: #013175;\"><b>LAGERBASKET<\/b><\/span><\/p><p><img loading=\"lazy\" decoding=\"async\" class=\"alignleft size-medium wp-image-1242\" src=\"https:\/\/tutonmetal.com\/wp-content\/uploads\/2024\/04\/istif-sepeti-152x300.png\" alt=\"\" width=\"152\" height=\"300\" srcset=\"https:\/\/www.tutonmetal.com\/wp-content\/uploads\/2024\/04\/istif-sepeti-152x300.png 152w, https:\/\/www.tutonmetal.com\/wp-content\/uploads\/2024\/04\/istif-sepeti.png 157w\" sizes=\"(max-width: 152px) 100vw, 152px\" \/><\/p><table><tbody><tr><th>Breite\n(cm)<\/th><th>L\u00e4nge\n (cm)<\/th><th>Gewicht\n(Kg)<\/th><th>Produkt\nCode<\/th><\/tr><tr><td>0,83<\/td><td>&#8212;<\/td><td>29,40<\/td><td>A-G45.3-003<\/td><\/tr><\/tbody><\/table><p><span style=\"color: #013175;\"><b>VERSTELLBARE SPINDEL-DACHKONSOLE<\/b><\/span><\/p><p><img loading=\"lazy\" decoding=\"async\" class=\"alignleft size-full wp-image-1243\" src=\"https:\/\/tutonmetal.com\/wp-content\/uploads\/2024\/04\/korkuluk-kelepcesi.png\" alt=\"\" width=\"147\" height=\"193\" \/><\/p><table><tbody><tr><th>Breite\n(cm)<\/th><th>L\u00e4nge\n (cm)<\/th><th>Gewicht\n(Kg)<\/th><th>Produkt\nCode<\/th><\/tr><tr><td>0,615<\/td><td>&#8212;<\/td><td>8,90<\/td><td>S4-G60-001<\/td><\/tr><\/tbody><\/table><p><span style=\"color: #013175;\"><b>KETTENZUG AUS\nSTAHL\u00a0<\/b><\/span><\/p><p><img loading=\"lazy\" decoding=\"async\" class=\"alignleft size-full wp-image-1258\" src=\"https:\/\/tutonmetal.com\/wp-content\/uploads\/2024\/04\/celik-caraskal-1.png\" alt=\"\" width=\"142\" height=\"194\" \/><\/p><table><tbody><tr><th>Breite\n(cm)<\/th><th>L\u00e4nge\n (cm)<\/th><th>Gewicht\n(Kg)<\/th><th>Produkt\nCode<\/th><\/tr><tr><td>0,70<\/td><td>&#8212;<\/td><td>11,00<\/td><td>A-G40-001<\/td><\/tr><\/tbody><\/table><p><span style=\"color: #013175;\"><b>ALUMINIUM KETTENZUG<\/b><\/span><\/p><p><img loading=\"lazy\" decoding=\"async\" class=\"alignleft size-full wp-image-1251\" src=\"https:\/\/tutonmetal.com\/wp-content\/uploads\/2024\/04\/aluminyum-caraskal.png\" alt=\"\" width=\"148\" height=\"201\" \/><\/p><table><tbody><tr><th>Breite\n(cm)<\/th><th>L\u00e4nge\n (cm)<\/th><th>Gewicht\n(Kg)<\/th><th>Produkt\nCode<\/th><\/tr><tr><td>0,70<\/td><td>&#8212;<\/td><td>3,00<\/td><td>A-A40-002<\/td><\/tr><\/tbody><\/table><\/div>\n\t\t\t\t\t\t\t<\/div>\n\t\t<\/div>\n\t\t\t\t<\/div>\n\t\t\t\t<\/div>\n\t\t\t\t\t<\/div>\n\t\t\t\t<\/div>\n\t\t\t\t<\/div>","protected":false},"excerpt":{"rendered":"<p>Aksesuarlar Aksesuarlar Ayar Vidas\u0131 \u00dcr\u00fcn A\u00e7\u0131klamas\u0131\u00c7elik, 8 hadve ovalama somunlu, s\u0131cak dald\u0131rma y\u00f6ntemi ile galvanize edilmi\u015ftir. H\u0131zl\u0131 tak\u0131labilir di\u015fli, ana plaka s\u00f6k\u00fclmesine kar\u015f\u0131 150\u00d7150\u00d75 mm t\u0131rt\u0131ll\u0131 somun kilit. Uzunluk (m) Geni\u015flik (m) A\u011f\u0131rl\u0131k (kg) \u00dcr\u00fcn Kodu 0,30 &#8212; 2,90 A-G1.1-030-\/EG 0,50 &#8212; 3,20 A-G1.1-050\/EG 0,60 &#8212; 3,40 A-G1.1-060\/EG 0,80 &#8212; 3,90 A-G1.1-080\/EG 1,00 &#8212; 4,60 &hellip; <a href=\"https:\/\/www.tutonmetal.com\/de\/tuton-aksesuar\/\" class=\"more-link\">Continue reading <span class=\"screen-reader-text\">Tuton Zubeh\u00f6r<\/span><\/a><\/p>","protected":false},"author":2,"featured_media":0,"parent":0,"menu_order":0,"comment_status":"closed","ping_status":"closed","template":"","meta":{"footnotes":""},"class_list":["post-1083","page","type-page","status-publish","hentry"],"_links":{"self":[{"href":"https:\/\/www.tutonmetal.com\/de\/wp-json\/wp\/v2\/pages\/1083","targetHints":{"allow":["GET"]}}],"collection":[{"href":"https:\/\/www.tutonmetal.com\/de\/wp-json\/wp\/v2\/pages"}],"about":[{"href":"https:\/\/www.tutonmetal.com\/de\/wp-json\/wp\/v2\/types\/page"}],"author":[{"embeddable":true,"href":"https:\/\/www.tutonmetal.com\/de\/wp-json\/wp\/v2\/users\/2"}],"replies":[{"embeddable":true,"href":"https:\/\/www.tutonmetal.com\/de\/wp-json\/wp\/v2\/comments?post=1083"}],"version-history":[{"count":89,"href":"https:\/\/www.tutonmetal.com\/de\/wp-json\/wp\/v2\/pages\/1083\/revisions"}],"predecessor-version":[{"id":1679,"href":"https:\/\/www.tutonmetal.com\/de\/wp-json\/wp\/v2\/pages\/1083\/revisions\/1679"}],"wp:attachment":[{"href":"https:\/\/www.tutonmetal.com\/de\/wp-json\/wp\/v2\/media?parent=1083"}],"curies":[{"name":"wp","href":"https:\/\/api.w.org\/{rel}","templated":true}]}}