{"id":1437,"date":"2026-02-05T10:18:35","date_gmt":"2026-02-05T07:18:35","guid":{"rendered":"https:\/\/tutonmetal.com\/?page_id=1437"},"modified":"2026-02-06T16:16:40","modified_gmt":"2026-02-06T13:16:40","slug":"politikamiz","status":"publish","type":"page","link":"https:\/\/www.tutonmetal.com\/de\/politikamiz\/","title":{"rendered":"Unsere Politik"},"content":{"rendered":"<div data-elementor-type=\"wp-page\" data-elementor-id=\"1437\" class=\"elementor elementor-1437\">\n\t\t\t\t<div class=\"elementor-element elementor-element-40325d6 e-flex e-con-boxed e-con e-parent\" data-id=\"40325d6\" data-element_type=\"container\" data-settings=\"{&quot;background_background&quot;:&quot;classic&quot;}\" data-core-v316-plus=\"true\">\n\t\t\t\t\t<div class=\"e-con-inner\">\n\t\t<div class=\"elementor-element elementor-element-4dbe883 e-con-full e-flex e-con e-child\" data-id=\"4dbe883\" data-element_type=\"container\" data-settings=\"{&quot;background_background&quot;:&quot;classic&quot;}\">\n\t\t\t\t<div class=\"elementor-element elementor-element-289afd9 elementor-widget elementor-widget-heading\" data-id=\"289afd9\" data-element_type=\"widget\" data-widget_type=\"heading.default\">\n\t\t\t\t<div class=\"elementor-widget-container\">\n\t\t\t<style>\/*! elementor - v3.20.0 - 13-03-2024 *\/\n.elementor-heading-title{padding:0;margin:0;line-height:1}.elementor-widget-heading .elementor-heading-title[class*=elementor-size-]>a{color:inherit;font-size:inherit;line-height:inherit}.elementor-widget-heading .elementor-heading-title.elementor-size-small{font-size:15px}.elementor-widget-heading .elementor-heading-title.elementor-size-medium{font-size:19px}.elementor-widget-heading .elementor-heading-title.elementor-size-large{font-size:29px}.elementor-widget-heading .elementor-heading-title.elementor-size-xl{font-size:39px}.elementor-widget-heading .elementor-heading-title.elementor-size-xxl{font-size:59px}<\/style><h2 class=\"elementor-heading-title elementor-size-default\">UNSERE POLITIK F\u00dcR DAS INTEGRIERTE MANAGEMENTSYSTEM<\/h2>\t\t<\/div>\n\t\t\t\t<\/div>\n\t\t\t\t<div class=\"elementor-element elementor-element-c7d58f7 elementor-widget elementor-widget-text-editor\" data-id=\"c7d58f7\" data-element_type=\"widget\" data-widget_type=\"text-editor.default\">\n\t\t\t\t<div class=\"elementor-widget-container\">\n\t\t\t<style>\/*! elementor - v3.20.0 - 13-03-2024 *\/\n.elementor-widget-text-editor.elementor-drop-cap-view-stacked .elementor-drop-cap{background-color:#69727d;color:#fff}.elementor-widget-text-editor.elementor-drop-cap-view-framed .elementor-drop-cap{color:#69727d;border:3px solid;background-color:transparent}.elementor-widget-text-editor:not(.elementor-drop-cap-view-default) .elementor-drop-cap{margin-top:8px}.elementor-widget-text-editor:not(.elementor-drop-cap-view-default) .elementor-drop-cap-letter{width:1em;height:1em}.elementor-widget-text-editor .elementor-drop-cap{float:left;text-align:center;line-height:1;font-size:50px}.elementor-widget-text-editor .elementor-drop-cap-letter{display:inline-block}<\/style>\t\t\t\t<blockquote><p>Als Tuton Metal verfolgen wir mit unserer integrierten Managementsystempolitik, die wir im Einklang mit unserer Vision, Mission, unseren Unternehmenswerten und Zielen festgelegt haben, das Ziel, unseren Mitarbeitenden ein gesundes und sicheres Arbeitsumfeld zu bieten, in all unseren Prozessen die Grunds\u00e4tze und Anforderungen von Qualit\u00e4t, Umwelt sowie Arbeits- und Gesundheitsschutz zu ber\u00fccksichtigen, gesetzeskonform zu handeln und uns kontinuierlich weiterzuentwickeln. In diesem Sinne;<\/p><\/blockquote><ul><li>Die kontinuierliche Aufrechterhaltung des Bewusstseins unserer Mitarbeiter f\u00fcr Qualit\u00e4t, Umwelt und Arbeitssicherheit sicherzustellen,\u00a0<\/li><li>Prozessbasiertes und risikoorientiertes Denken,<\/li><li>die Risikofaktoren und Chancen, die das Erreichen der Unternehmensziele beeinflussen k\u00f6nnten, im Rahmen eines unternehmensweiten Risikomanagementansatzes zu behandeln, zu bewerten, zu \u00fcberwachen und bei Bedarf Ma\u00dfnahmen zu ergreifen,<\/li><li>Kundenorientiert zu sein, die Kontinuit\u00e4t bei der Erf\u00fcllung ihrer Erwartungen sicherzustellen und Kundenbeschwerden wirksam zu bearbeiten,<\/li><li>Der Bildung Bedeutung beimessend, eine Organisation zu schaffen, die kontinuierlich lernt, sich weiterentwickelt und teilt,<\/li><li>Die Kontinuit\u00e4t der Schulungen unserer Mitarbeiter sicherzustellen und ein Bewusstsein f\u00fcr Qualit\u00e4tsverantwortung zu verankern,<\/li><li>Nach dem Grundsatz, dass Arbeitsunf\u00e4lle und Berufskrankheiten f\u00fcr die Besch\u00e4ftigten und den Arbeitnehmervertreter vermeidbar sind, die Gefahren zu beseitigen, die die Gesundheit unserer Besch\u00e4ftigten beeintr\u00e4chtigen k\u00f6nnten, und, wo dies nicht m\u00f6glich ist, durch Bewertung des Risikos Kontrollsysteme einzurichten, die ihre Auswirkungen auf ein Minimum reduzieren, den Betrieb,<\/li><li>Unseren Lieferanten, Kunden, Besuchern, Praktikanten sowie allen Personen und Organisationen, mit denen wir in Kontakt stehen, hinsichtlich ihrer Gesundheit, ihres Arbeitsschutzes und ihrer Sicherheit h\u00f6chste Bedeutung beizumessen,<\/li><li>Abf\u00e4lle reduzieren, die Recyclingquote erh\u00f6hen, die Einsparungen beim Einsatz nat\u00fcrlicher Ressourcen steigern<\/li><li>Durch die Bevorzugung umweltfreundlicher und energieeffizienter Produkte und Dienstleistungen die Umwelt zu sch\u00fctzen,<\/li><li>die so organisierte Struktur, dass sie auf Notf\u00e4lle reagieren kann,<\/li><\/ul><p>\u00a0 Wir verpflichten uns und erkl\u00e4ren, technologische Entwicklungen mit einem innovativen Ansatz zu verfolgen, in unseren Produkten \/ Prozessen Design- und Entwicklungsarbeiten durchzuf\u00fchren und mit unseren Gesch\u00e4ftspartnern und Lieferanten auf der Grundlage des Prinzips des gegenseitigen Nutzens ein nachhaltiges Wachstum zu gew\u00e4hrleisten.<\/p>\t\t\t\t\t\t<\/div>\n\t\t\t\t<\/div>\n\t\t\t\t<\/div>\n\t\t<div class=\"elementor-element elementor-element-bf34371 e-con-full e-flex e-con e-child\" data-id=\"bf34371\" data-element_type=\"container\" data-settings=\"{&quot;background_background&quot;:&quot;classic&quot;}\">\n\t\t\t\t<div class=\"elementor-element elementor-element-b4b4867 elementor-widget elementor-widget-image\" data-id=\"b4b4867\" data-element_type=\"widget\" data-widget_type=\"image.default\">\n\t\t\t\t<div class=\"elementor-widget-container\">\n\t\t\t<style>\/*! elementor - v3.20.0 - 13-03-2024 *\/\n.elementor-widget-image{text-align:center}.elementor-widget-image a{display:inline-block}.elementor-widget-image a img[src$=\".svg\"]{width:48px}.elementor-widget-image img{vertical-align:middle;display:inline-block}<\/style>\t\t\t\t\t\t\t\t\t\t<img fetchpriority=\"high\" decoding=\"async\" width=\"1182\" height=\"2560\" src=\"https:\/\/www.tutonmetal.com\/wp-content\/uploads\/2024\/03\/iskele_saha_09-scaled.jpeg\" class=\"attachment-full size-full wp-image-236\" alt=\"\" srcset=\"https:\/\/www.tutonmetal.com\/wp-content\/uploads\/2024\/03\/iskele_saha_09-scaled.jpeg 1182w, https:\/\/www.tutonmetal.com\/wp-content\/uploads\/2024\/03\/iskele_saha_09-139x300.jpeg 139w, https:\/\/www.tutonmetal.com\/wp-content\/uploads\/2024\/03\/iskele_saha_09-473x1024.jpeg 473w, https:\/\/www.tutonmetal.com\/wp-content\/uploads\/2024\/03\/iskele_saha_09-768x1663.jpeg 768w, https:\/\/www.tutonmetal.com\/wp-content\/uploads\/2024\/03\/iskele_saha_09-709x1536.jpeg 709w, https:\/\/www.tutonmetal.com\/wp-content\/uploads\/2024\/03\/iskele_saha_09-946x2048.jpeg 946w, https:\/\/www.tutonmetal.com\/wp-content\/uploads\/2024\/03\/iskele_saha_09-236x510.jpeg 236w\" sizes=\"(max-width: 1182px) 100vw, 1182px\" data-id=\"236\" \/>\t\t\t\t\t\t\t\t\t\t\t\t\t<\/div>\n\t\t\t\t<\/div>\n\t\t\t\t<\/div>\n\t\t\t\t\t<\/div>\n\t\t\t\t<\/div>\n\t\t\t\t<\/div>","protected":false},"excerpt":{"rendered":"<p>ENTEGRE Y\u00d6NET\u0130M S\u0130STEM\u0130 POL\u0130T\u0130KAMIZ Tuton Metal olarak vizyon, misyon, kurumsal de\u011ferlerimiz ve hedeflerimiz do\u011frultusunda olu\u015fturdu\u011fumuz Entegre Y\u00f6netim Sistemi Politikam\u0131z ile \u00e7al\u0131\u015fanlar\u0131m\u0131za sa\u011fl\u0131kl\u0131, g\u00fcvenli bir \u00e7al\u0131\u015fma ortam\u0131 sa\u011flamay\u0131, t\u00fcm s\u00fcre\u00e7lerimizde Kalite, \u00c7evre ve \u0130SG \u00a0prensip ve gerekliliklerini dikkate almay\u0131, yasal gerekliliklere uygun hareket etmeyi ve kendimizi s\u00fcrekli geli\u015ftirmeyi ama\u00e7l\u0131yoruz. Bu ama\u00e7 do\u011frultusunda; \u00c7al\u0131\u015fanlar\u0131m\u0131z\u0131n kalite, \u00e7evre ve &hellip; <a href=\"https:\/\/www.tutonmetal.com\/de\/politikamiz\/\" class=\"more-link\">Continue reading <span class=\"screen-reader-text\">Unsere Politik<\/span><\/a><\/p>","protected":false},"author":2,"featured_media":0,"parent":0,"menu_order":0,"comment_status":"closed","ping_status":"closed","template":"elementor_header_footer","meta":{"footnotes":""},"class_list":["post-1437","page","type-page","status-publish","hentry"],"_links":{"self":[{"href":"https:\/\/www.tutonmetal.com\/de\/wp-json\/wp\/v2\/pages\/1437","targetHints":{"allow":["GET"]}}],"collection":[{"href":"https:\/\/www.tutonmetal.com\/de\/wp-json\/wp\/v2\/pages"}],"about":[{"href":"https:\/\/www.tutonmetal.com\/de\/wp-json\/wp\/v2\/types\/page"}],"author":[{"embeddable":true,"href":"https:\/\/www.tutonmetal.com\/de\/wp-json\/wp\/v2\/users\/2"}],"replies":[{"embeddable":true,"href":"https:\/\/www.tutonmetal.com\/de\/wp-json\/wp\/v2\/comments?post=1437"}],"version-history":[{"count":23,"href":"https:\/\/www.tutonmetal.com\/de\/wp-json\/wp\/v2\/pages\/1437\/revisions"}],"predecessor-version":[{"id":1489,"href":"https:\/\/www.tutonmetal.com\/de\/wp-json\/wp\/v2\/pages\/1437\/revisions\/1489"}],"wp:attachment":[{"href":"https:\/\/www.tutonmetal.com\/de\/wp-json\/wp\/v2\/media?parent=1437"}],"curies":[{"name":"wp","href":"https:\/\/api.w.org\/{rel}","templated":true}]}}