{"id":1437,"date":"2026-02-05T10:18:35","date_gmt":"2026-02-05T07:18:35","guid":{"rendered":"https:\/\/tutonmetal.com\/?page_id=1437"},"modified":"2026-02-06T16:16:40","modified_gmt":"2026-02-06T13:16:40","slug":"politikamiz","status":"publish","type":"page","link":"https:\/\/www.tutonmetal.com\/en\/politikamiz\/","title":{"rendered":"Our Policy"},"content":{"rendered":"<div data-elementor-type=\"wp-page\" data-elementor-id=\"1437\" class=\"elementor elementor-1437\">\n\t\t\t\t<div class=\"elementor-element elementor-element-40325d6 e-flex e-con-boxed e-con e-parent\" data-id=\"40325d6\" data-element_type=\"container\" data-settings=\"{&quot;background_background&quot;:&quot;classic&quot;}\" data-core-v316-plus=\"true\">\n\t\t\t\t\t<div class=\"e-con-inner\">\n\t\t<div class=\"elementor-element elementor-element-4dbe883 e-con-full e-flex e-con e-child\" data-id=\"4dbe883\" data-element_type=\"container\" data-settings=\"{&quot;background_background&quot;:&quot;classic&quot;}\">\n\t\t\t\t<div class=\"elementor-element elementor-element-289afd9 elementor-widget elementor-widget-heading\" data-id=\"289afd9\" data-element_type=\"widget\" data-widget_type=\"heading.default\">\n\t\t\t\t<div class=\"elementor-widget-container\">\n\t\t\t<style>\/*! elementor - v3.20.0 - 13-03-2024 *\/\n.elementor-heading-title{padding:0;margin:0;line-height:1}.elementor-widget-heading .elementor-heading-title[class*=elementor-size-]>a{color:inherit;font-size:inherit;line-height:inherit}.elementor-widget-heading .elementor-heading-title.elementor-size-small{font-size:15px}.elementor-widget-heading .elementor-heading-title.elementor-size-medium{font-size:19px}.elementor-widget-heading .elementor-heading-title.elementor-size-large{font-size:29px}.elementor-widget-heading .elementor-heading-title.elementor-size-xl{font-size:39px}.elementor-widget-heading .elementor-heading-title.elementor-size-xxl{font-size:59px}<\/style><h2 class=\"elementor-heading-title elementor-size-default\">OUR INTEGRATED MANAGEMENT SYSTEM POLICY<\/h2>\t\t<\/div>\n\t\t\t\t<\/div>\n\t\t\t\t<div class=\"elementor-element elementor-element-c7d58f7 elementor-widget elementor-widget-text-editor\" data-id=\"c7d58f7\" data-element_type=\"widget\" data-widget_type=\"text-editor.default\">\n\t\t\t\t<div class=\"elementor-widget-container\">\n\t\t\t<style>\/*! elementor - v3.20.0 - 13-03-2024 *\/\n.elementor-widget-text-editor.elementor-drop-cap-view-stacked .elementor-drop-cap{background-color:#69727d;color:#fff}.elementor-widget-text-editor.elementor-drop-cap-view-framed .elementor-drop-cap{color:#69727d;border:3px solid;background-color:transparent}.elementor-widget-text-editor:not(.elementor-drop-cap-view-default) .elementor-drop-cap{margin-top:8px}.elementor-widget-text-editor:not(.elementor-drop-cap-view-default) .elementor-drop-cap-letter{width:1em;height:1em}.elementor-widget-text-editor .elementor-drop-cap{float:left;text-align:center;line-height:1;font-size:50px}.elementor-widget-text-editor .elementor-drop-cap-letter{display:inline-block}<\/style>\t\t\t\t<blockquote><p>As Tuton Metal, through our Integrated Management System Policy developed in line with our vision, mission, corporate values, and objectives, we aim to provide our employees with a healthy and safe working environment; to take into account Quality, Environmental, and Occupational Health and Safety (OHS) principles and requirements in all our processes; to act in compliance with legal requirements; and to continuously improve ourselves. In line with this objective;<\/p><\/blockquote><ul><li>To ensure the continuity of our employees\u2019 awareness regarding quality, environmental protection, and occupational health and safety.\u00a0<\/li><li>\u201cTo adopt a process-based and risk-oriented approach,<\/li><li>To identify, evaluate, monitor, and address risk factors and opportunities that may affect the achievement of company objectives through a corporate risk management approach, and to take necessary actions when required,<\/li><li>To maintain a customer-focused approach, ensure continuity in meeting customer expectations, and handle customer complaints effectively,<\/li><li>To create an organization that values education and continuously learns, develops, and shares knowledge,<\/li><li>To ensure the continuity of our employees\u2019 training and to instill a strong sense of quality responsibility,<\/li><li>\u201cBased on the principle that occupational accidents and occupational diseases are preventable, and with the participation of employees and employee representatives, to eliminate hazards that may affect the health of our employees; where elimination is not possible, to assess risks and establish and operate control systems to minimize their effects.<\/li><li>To give utmost importance to the health, safety, and security of all individuals and organizations we interact with, including our suppliers, customers, visitors, and interns.<\/li><li>To reduce waste, increase recycling rates, and enhance efficiency in the use of natural resources,<\/li><li>\u201cTo protect the environment by prioritizing environmentally friendly and energy-efficient products and services,<\/li><li>To establish an organization capable of responding effectively to emergency situations,<\/li><\/ul><p>\u00a0 We commit and declare to adopt an innovative approach by following technological developments, to carry out design and development activities in our products and processes, and to ensure sustainable growth with our business partners and suppliers based on the principle of mutual benefit.<\/p>\t\t\t\t\t\t<\/div>\n\t\t\t\t<\/div>\n\t\t\t\t<\/div>\n\t\t<div class=\"elementor-element elementor-element-bf34371 e-con-full e-flex e-con e-child\" data-id=\"bf34371\" data-element_type=\"container\" data-settings=\"{&quot;background_background&quot;:&quot;classic&quot;}\">\n\t\t\t\t<div class=\"elementor-element elementor-element-b4b4867 elementor-widget elementor-widget-image\" data-id=\"b4b4867\" data-element_type=\"widget\" data-widget_type=\"image.default\">\n\t\t\t\t<div class=\"elementor-widget-container\">\n\t\t\t<style>\/*! elementor - v3.20.0 - 13-03-2024 *\/\n.elementor-widget-image{text-align:center}.elementor-widget-image a{display:inline-block}.elementor-widget-image a img[src$=\".svg\"]{width:48px}.elementor-widget-image img{vertical-align:middle;display:inline-block}<\/style>\t\t\t\t\t\t\t\t\t\t<img fetchpriority=\"high\" decoding=\"async\" width=\"1182\" height=\"2560\" src=\"https:\/\/www.tutonmetal.com\/wp-content\/uploads\/2024\/03\/iskele_saha_09-scaled.jpeg\" class=\"attachment-full size-full wp-image-236\" alt=\"\" srcset=\"https:\/\/www.tutonmetal.com\/wp-content\/uploads\/2024\/03\/iskele_saha_09-scaled.jpeg 1182w, https:\/\/www.tutonmetal.com\/wp-content\/uploads\/2024\/03\/iskele_saha_09-139x300.jpeg 139w, https:\/\/www.tutonmetal.com\/wp-content\/uploads\/2024\/03\/iskele_saha_09-473x1024.jpeg 473w, https:\/\/www.tutonmetal.com\/wp-content\/uploads\/2024\/03\/iskele_saha_09-768x1663.jpeg 768w, https:\/\/www.tutonmetal.com\/wp-content\/uploads\/2024\/03\/iskele_saha_09-709x1536.jpeg 709w, https:\/\/www.tutonmetal.com\/wp-content\/uploads\/2024\/03\/iskele_saha_09-946x2048.jpeg 946w, https:\/\/www.tutonmetal.com\/wp-content\/uploads\/2024\/03\/iskele_saha_09-236x510.jpeg 236w\" sizes=\"(max-width: 1182px) 100vw, 1182px\" data-id=\"236\" \/>\t\t\t\t\t\t\t\t\t\t\t\t\t<\/div>\n\t\t\t\t<\/div>\n\t\t\t\t<\/div>\n\t\t\t\t\t<\/div>\n\t\t\t\t<\/div>\n\t\t\t\t<\/div>","protected":false},"excerpt":{"rendered":"<p>ENTEGRE Y\u00d6NET\u0130M S\u0130STEM\u0130 POL\u0130T\u0130KAMIZ Tuton Metal olarak vizyon, misyon, kurumsal de\u011ferlerimiz ve hedeflerimiz do\u011frultusunda olu\u015fturdu\u011fumuz Entegre Y\u00f6netim Sistemi Politikam\u0131z ile \u00e7al\u0131\u015fanlar\u0131m\u0131za sa\u011fl\u0131kl\u0131, g\u00fcvenli bir \u00e7al\u0131\u015fma ortam\u0131 sa\u011flamay\u0131, t\u00fcm s\u00fcre\u00e7lerimizde Kalite, \u00c7evre ve \u0130SG \u00a0prensip ve gerekliliklerini dikkate almay\u0131, yasal gerekliliklere uygun hareket etmeyi ve kendimizi s\u00fcrekli geli\u015ftirmeyi ama\u00e7l\u0131yoruz. Bu ama\u00e7 do\u011frultusunda; \u00c7al\u0131\u015fanlar\u0131m\u0131z\u0131n kalite, \u00e7evre ve &hellip; <a href=\"https:\/\/www.tutonmetal.com\/en\/politikamiz\/\" class=\"more-link\">Continue reading <span class=\"screen-reader-text\">Our Policy<\/span><\/a><\/p>","protected":false},"author":2,"featured_media":0,"parent":0,"menu_order":0,"comment_status":"closed","ping_status":"closed","template":"elementor_header_footer","meta":{"footnotes":""},"class_list":["post-1437","page","type-page","status-publish","hentry"],"_links":{"self":[{"href":"https:\/\/www.tutonmetal.com\/en\/wp-json\/wp\/v2\/pages\/1437","targetHints":{"allow":["GET"]}}],"collection":[{"href":"https:\/\/www.tutonmetal.com\/en\/wp-json\/wp\/v2\/pages"}],"about":[{"href":"https:\/\/www.tutonmetal.com\/en\/wp-json\/wp\/v2\/types\/page"}],"author":[{"embeddable":true,"href":"https:\/\/www.tutonmetal.com\/en\/wp-json\/wp\/v2\/users\/2"}],"replies":[{"embeddable":true,"href":"https:\/\/www.tutonmetal.com\/en\/wp-json\/wp\/v2\/comments?post=1437"}],"version-history":[{"count":23,"href":"https:\/\/www.tutonmetal.com\/en\/wp-json\/wp\/v2\/pages\/1437\/revisions"}],"predecessor-version":[{"id":1489,"href":"https:\/\/www.tutonmetal.com\/en\/wp-json\/wp\/v2\/pages\/1437\/revisions\/1489"}],"wp:attachment":[{"href":"https:\/\/www.tutonmetal.com\/en\/wp-json\/wp\/v2\/media?parent=1437"}],"curies":[{"name":"wp","href":"https:\/\/api.w.org\/{rel}","templated":true}]}}