{"id":123,"date":"2024-03-21T15:38:44","date_gmt":"2024-03-21T12:38:44","guid":{"rendered":"https:\/\/tutonmetal.com\/?page_id=123"},"modified":"2026-02-06T16:22:15","modified_gmt":"2026-02-06T13:22:15","slug":"kurumsal","status":"publish","type":"page","link":"https:\/\/www.tutonmetal.com\/fr\/kurumsal\/","title":{"rendered":"ENTREPRISE"},"content":{"rendered":"<div data-elementor-type=\"wp-page\" data-elementor-id=\"123\" class=\"elementor elementor-123\">\n\t\t\t\t<div class=\"elementor-element elementor-element-0652c05 e-flex e-con-boxed e-con e-parent\" data-id=\"0652c05\" data-element_type=\"container\" data-core-v316-plus=\"true\">\n\t\t\t\t\t<div class=\"e-con-inner\">\n\t\t<div class=\"elementor-element elementor-element-6a8f7ad e-con-full e-flex e-con e-child\" data-id=\"6a8f7ad\" data-element_type=\"container\">\n\t\t\t\t<div class=\"elementor-element elementor-element-c788362 elementor-widget elementor-widget-image\" data-id=\"c788362\" data-element_type=\"widget\" data-widget_type=\"image.default\">\n\t\t\t\t<div class=\"elementor-widget-container\">\n\t\t\t<style>\/*! elementor - v3.20.0 - 13-03-2024 *\/\n.elementor-widget-image{text-align:center}.elementor-widget-image a{display:inline-block}.elementor-widget-image a img[src$=\".svg\"]{width:48px}.elementor-widget-image img{vertical-align:middle;display:inline-block}<\/style>\t\t\t\t\t\t\t\t\t\t<img fetchpriority=\"high\" decoding=\"async\" width=\"846\" height=\"1024\" src=\"https:\/\/www.tutonmetal.com\/wp-content\/uploads\/2026\/02\/Tuton-Bayrak-846x1024.jpg\" class=\"attachment-large size-large wp-image-1497\" alt=\"\" srcset=\"https:\/\/www.tutonmetal.com\/wp-content\/uploads\/2026\/02\/Tuton-Bayrak-846x1024.jpg 846w, https:\/\/www.tutonmetal.com\/wp-content\/uploads\/2026\/02\/Tuton-Bayrak-248x300.jpg 248w, https:\/\/www.tutonmetal.com\/wp-content\/uploads\/2026\/02\/Tuton-Bayrak-768x930.jpg 768w, https:\/\/www.tutonmetal.com\/wp-content\/uploads\/2026\/02\/Tuton-Bayrak-10x12.jpg 10w, https:\/\/www.tutonmetal.com\/wp-content\/uploads\/2026\/02\/Tuton-Bayrak-421x510.jpg 421w, https:\/\/www.tutonmetal.com\/wp-content\/uploads\/2026\/02\/Tuton-Bayrak.jpg 978w\" sizes=\"(max-width: 846px) 100vw, 846px\" data-id=\"1497\" \/>\t\t\t\t\t\t\t\t\t\t\t\t\t<\/div>\n\t\t\t\t<\/div>\n\t\t\t\t<\/div>\n\t\t<div class=\"elementor-element elementor-element-3293af6 e-con-full e-flex e-con e-child\" data-id=\"3293af6\" data-element_type=\"container\">\n\t\t\t\t<div class=\"elementor-element elementor-element-0611ff0 tm-align-center elementor-widget elementor-widget-tm_heading\" data-id=\"0611ff0\" data-element_type=\"widget\" data-widget_type=\"tm_heading.default\">\n\t\t\t\t<div class=\"elementor-widget-container\">\n\t\t\t<div class=\"tm-element-heading-content-wrapper center-align  tm-seperator-none  tm-heading-style-vertical\"><div class=\"tm-content-header\"><h2 class=\"tm-element-content-heading\">\n\t\t\t\tTUTON | METAL ALUMINIUM IND. ET COM. SARL\n\n\t\t\t<\/h2>\n\t\t<\/div><\/div>\t\t<\/div>\n\t\t\t\t<\/div>\n\t\t\t\t<div class=\"elementor-element elementor-element-46fbea2 elementor-widget elementor-widget-text-editor\" data-id=\"46fbea2\" data-element_type=\"widget\" data-widget_type=\"text-editor.default\">\n\t\t\t\t<div class=\"elementor-widget-container\">\n\t\t\t<style>\/*! elementor - v3.20.0 - 13-03-2024 *\/\n.elementor-widget-text-editor.elementor-drop-cap-view-stacked .elementor-drop-cap{background-color:#69727d;color:#fff}.elementor-widget-text-editor.elementor-drop-cap-view-framed .elementor-drop-cap{color:#69727d;border:3px solid;background-color:transparent}.elementor-widget-text-editor:not(.elementor-drop-cap-view-default) .elementor-drop-cap{margin-top:8px}.elementor-widget-text-editor:not(.elementor-drop-cap-view-default) .elementor-drop-cap-letter{width:1em;height:1em}.elementor-widget-text-editor .elementor-drop-cap{float:left;text-align:center;line-height:1;font-size:50px}.elementor-widget-text-editor .elementor-drop-cap-letter{display:inline-block}<\/style>\t\t\t\t<p>Notre soci\u00e9t\u00e9 a \u00e9t\u00e9 fond\u00e9e en 2011 \u00e0 Gaziantep dans le but de produire des \u00e9chafaudages, des coffrages et des \u00e9quipements d\u2019\u00e9chafaudage r\u00e9pondant aux besoins du secteur de la construction en Europe, en Turquie, au Moyen-Orient et dans d\u2019autres pays du monde.<\/p><p>Depuis sa cr\u00e9ation, l\u2019entreprise a \u00e9quip\u00e9 son d\u00e9partement de production d\u2019usine avec des machines modernes dot\u00e9es des technologies les plus avanc\u00e9es. Gr\u00e2ce \u00e0 son personnel qualifi\u00e9 et \u00e0 sa technologie de pointe, notre usine produit les articles demand\u00e9s par nos clients avec une qualit\u00e9 sup\u00e9rieure.<\/p><p>En tr\u00e8s peu de temps, notre soci\u00e9t\u00e9 a affich\u00e9 une croissance stable et exporte ses produits sous la marque Tuton vers des pays europ\u00e9ens, notamment la Suisse, l\u2019Allemagne et la France. Pour r\u00e9pondre \u00e9galement aux demandes provenant du march\u00e9 int\u00e9rieur turc, du Moyen-Orient et d\u2019autres pays du monde, notre soci\u00e9t\u00e9 a augment\u00e9 sa capacit\u00e9 de production et figure parmi les \u00e9tablissements les plus modernes et technologiquement avanc\u00e9s de Turquie dans son domaine.\nNos produits sont fabriqu\u00e9s avec une qualit\u00e9 sup\u00e9rieure et garantis par les certifications suivantes.<\/p><blockquote><p>Nos produits sont fabriqu\u00e9s avec une garantie de qualit\u00e9 sup\u00e9rieure et sont certifi\u00e9s par T\u00dcV S\u00dcD ISO 9001\/14001\/45001, TSE TS EN 12810\/12813, T\u00dcRKAK EN ISO 3834-2 et EN 1090.<\/p><\/blockquote>\t\t\t\t\t\t<\/div>\n\t\t\t\t<\/div>\n\t\t\t\t<\/div>\n\t\t\t\t\t<\/div>\n\t\t\t\t<\/div>\n\t\t<div class=\"elementor-element elementor-element-1f95021 e-flex e-con-boxed e-con e-parent\" data-id=\"1f95021\" data-element_type=\"container\" data-core-v316-plus=\"true\">\n\t\t\t\t\t<div class=\"e-con-inner\">\n\t\t\t\t\t<\/div>\n\t\t\t\t<\/div>\n\t\t<div class=\"elementor-element elementor-element-6ca2e79 e-flex e-con-boxed e-con e-parent\" data-id=\"6ca2e79\" data-element_type=\"container\" data-core-v316-plus=\"true\">\n\t\t\t\t\t<div class=\"e-con-inner\">\n\t\t<div class=\"elementor-element elementor-element-f8bb11a e-con-full e-flex e-con e-child\" data-id=\"f8bb11a\" data-element_type=\"container\">\n\t\t\t\t<div class=\"elementor-element elementor-element-b6b01ee tm-align-center elementor-widget elementor-widget-tm_heading\" data-id=\"b6b01ee\" data-element_type=\"widget\" data-widget_type=\"tm_heading.default\">\n\t\t\t\t<div class=\"elementor-widget-container\">\n\t\t\t<div class=\"tm-element-heading-content-wrapper center-align  tm-seperator-solid  tm-heading-style-vertical\"><div class=\"tm-content-header\"><h2 class=\"tm-element-content-heading\">\n\t\t\t\tNOTRE VISION\n\n\t\t\t<\/h2>\n\t\t<\/div><\/div>\t\t<\/div>\n\t\t\t\t<\/div>\n\t\t\t\t<div class=\"elementor-element elementor-element-50f62ac elementor-widget elementor-widget-text-editor\" data-id=\"50f62ac\" data-element_type=\"widget\" data-widget_type=\"text-editor.default\">\n\t\t\t\t<div class=\"elementor-widget-container\">\n\t\t\t\t\t\t\t<blockquote><p>\u00catre une entreprise exemplaire dans son secteur, pionni\u00e8re, innovante et offrant des services de qualit\u00e9, tout en valorisant ses employ\u00e9s et en proposant des solutions cr\u00e9atives.<\/p><\/blockquote>\t\t\t\t\t\t<\/div>\n\t\t\t\t<\/div>\n\t\t\t\t<\/div>\n\t\t<div class=\"elementor-element elementor-element-9d58b7b e-con-full e-flex e-con e-child\" data-id=\"9d58b7b\" data-element_type=\"container\">\n\t\t\t\t<div class=\"elementor-element elementor-element-241eadc tm-align-center elementor-widget elementor-widget-tm_heading\" data-id=\"241eadc\" data-element_type=\"widget\" data-widget_type=\"tm_heading.default\">\n\t\t\t\t<div class=\"elementor-widget-container\">\n\t\t\t<div class=\"tm-element-heading-content-wrapper center-align  tm-seperator-solid  tm-heading-style-vertical\"><div class=\"tm-content-header\"><h2 class=\"tm-element-content-heading\">\n\t\t\t\tNOTRE MISSION\n\n\t\t\t<\/h2>\n\t\t<\/div><\/div>\t\t<\/div>\n\t\t\t\t<\/div>\n\t\t\t\t<div class=\"elementor-element elementor-element-d6d4e36 elementor-widget elementor-widget-text-editor\" data-id=\"d6d4e36\" data-element_type=\"widget\" data-widget_type=\"text-editor.default\">\n\t\t\t\t<div class=\"elementor-widget-container\">\n\t\t\t\t\t\t\t<div class=\"flex max-w-full flex-col grow\"><div class=\"min-h-8 text-message relative flex w-full flex-col items-end gap-2 text-start break-words whitespace-normal [.text-message+&amp;]:mt-1\" dir=\"auto\" data-message-author-role=\"assistant\" data-message-id=\"c7ebb06e-1871-460c-a982-731ef180cf0d\" data-message-model-slug=\"gpt-5-2\"><div class=\"flex w-full flex-col gap-1 empty:hidden first:pt-[1px]\"><div class=\"markdown prose dark:prose-invert w-full wrap-break-word light markdown-new-styling\"><blockquote><p>Comprendre au mieux les besoins et attentes des clients, fournir rapidement et efficacement les produits aux consommateurs, \u00eatre consciente de sa responsabilit\u00e9 sociale envers l\u2019environnement et ses employ\u00e9s, et placer la satisfaction du client au-dessus de tout.<\/p><\/blockquote><\/div><\/div><\/div><\/div>\t\t\t\t\t\t<\/div>\n\t\t\t\t<\/div>\n\t\t\t\t<\/div>\n\t\t\t\t\t<\/div>\n\t\t\t\t<\/div>\n\t\t\t\t<\/div>","protected":false},"excerpt":{"rendered":"<p>TUTON | METAL AL\u00dcM\u0130NYUM SAN. ve T\u0130C. LTD. \u015eT\u0130. \u015eirketimiz Avrupa, T\u00fcrkiye, Ortado\u011fu ve D\u00fcnyan\u0131n di\u011fer \u00fclkelerindeki in\u015faat sekt\u00f6r\u00fcn\u00fcn ihtiya\u00e7 duydugu iskele, kal\u0131p ve iskele ekipmanlar\u0131n\u0131 \u00fcretmek amac\u0131yla 2011 y\u0131l\u0131nda Gaziantep\u2019te kurulmu\u015ftur. Kurulusundan itibaren fabrika \u00fcretim departman\u0131n\u0131 en ileri teknolojiye sahip modern makinalar ile donatm\u0131\u015ft\u0131r. Fabrikam\u0131z uzman kadrosu ve ileri teknolojisiyle m\u00fc\u015fterilerimizin talep ettigi \u00fcr\u00fcnleri, &hellip; <a href=\"https:\/\/www.tutonmetal.com\/fr\/kurumsal\/\" class=\"more-link\">Continue reading <span class=\"screen-reader-text\">ENTREPRISE<\/span><\/a><\/p>","protected":false},"author":2,"featured_media":0,"parent":0,"menu_order":0,"comment_status":"closed","ping_status":"closed","template":"elementor_header_footer","meta":{"footnotes":""},"class_list":["post-123","page","type-page","status-publish","hentry"],"_links":{"self":[{"href":"https:\/\/www.tutonmetal.com\/fr\/wp-json\/wp\/v2\/pages\/123","targetHints":{"allow":["GET"]}}],"collection":[{"href":"https:\/\/www.tutonmetal.com\/fr\/wp-json\/wp\/v2\/pages"}],"about":[{"href":"https:\/\/www.tutonmetal.com\/fr\/wp-json\/wp\/v2\/types\/page"}],"author":[{"embeddable":true,"href":"https:\/\/www.tutonmetal.com\/fr\/wp-json\/wp\/v2\/users\/2"}],"replies":[{"embeddable":true,"href":"https:\/\/www.tutonmetal.com\/fr\/wp-json\/wp\/v2\/comments?post=123"}],"version-history":[{"count":49,"href":"https:\/\/www.tutonmetal.com\/fr\/wp-json\/wp\/v2\/pages\/123\/revisions"}],"predecessor-version":[{"id":1500,"href":"https:\/\/www.tutonmetal.com\/fr\/wp-json\/wp\/v2\/pages\/123\/revisions\/1500"}],"wp:attachment":[{"href":"https:\/\/www.tutonmetal.com\/fr\/wp-json\/wp\/v2\/media?parent=123"}],"curies":[{"name":"wp","href":"https:\/\/api.w.org\/{rel}","templated":true}]}}