{"id":1437,"date":"2026-02-05T10:18:35","date_gmt":"2026-02-05T07:18:35","guid":{"rendered":"https:\/\/tutonmetal.com\/?page_id=1437"},"modified":"2026-02-06T16:16:40","modified_gmt":"2026-02-06T13:16:40","slug":"politikamiz","status":"publish","type":"page","link":"https:\/\/www.tutonmetal.com\/fr\/politikamiz\/","title":{"rendered":"Politique"},"content":{"rendered":"<div data-elementor-type=\"wp-page\" data-elementor-id=\"1437\" class=\"elementor elementor-1437\">\n\t\t\t\t<div class=\"elementor-element elementor-element-40325d6 e-flex e-con-boxed e-con e-parent\" data-id=\"40325d6\" data-element_type=\"container\" data-settings=\"{&quot;background_background&quot;:&quot;classic&quot;}\" data-core-v316-plus=\"true\">\n\t\t\t\t\t<div class=\"e-con-inner\">\n\t\t<div class=\"elementor-element elementor-element-4dbe883 e-con-full e-flex e-con e-child\" data-id=\"4dbe883\" data-element_type=\"container\" data-settings=\"{&quot;background_background&quot;:&quot;classic&quot;}\">\n\t\t\t\t<div class=\"elementor-element elementor-element-289afd9 elementor-widget elementor-widget-heading\" data-id=\"289afd9\" data-element_type=\"widget\" data-widget_type=\"heading.default\">\n\t\t\t\t<div class=\"elementor-widget-container\">\n\t\t\t<style>\/*! elementor - v3.20.0 - 13-03-2024 *\/\n.elementor-heading-title{padding:0;margin:0;line-height:1}.elementor-widget-heading .elementor-heading-title[class*=elementor-size-]>a{color:inherit;font-size:inherit;line-height:inherit}.elementor-widget-heading .elementor-heading-title.elementor-size-small{font-size:15px}.elementor-widget-heading .elementor-heading-title.elementor-size-medium{font-size:19px}.elementor-widget-heading .elementor-heading-title.elementor-size-large{font-size:29px}.elementor-widget-heading .elementor-heading-title.elementor-size-xl{font-size:39px}.elementor-widget-heading .elementor-heading-title.elementor-size-xxl{font-size:59px}<\/style><h2 class=\"elementor-heading-title elementor-size-default\">NOTRE POLITIQUE DU SYST\u00c8ME DE GESTION INT\u00c9GR\u00c9E<\/h2>\t\t<\/div>\n\t\t\t\t<\/div>\n\t\t\t\t<div class=\"elementor-element elementor-element-c7d58f7 elementor-widget elementor-widget-text-editor\" data-id=\"c7d58f7\" data-element_type=\"widget\" data-widget_type=\"text-editor.default\">\n\t\t\t\t<div class=\"elementor-widget-container\">\n\t\t\t<style>\/*! elementor - v3.20.0 - 13-03-2024 *\/\n.elementor-widget-text-editor.elementor-drop-cap-view-stacked .elementor-drop-cap{background-color:#69727d;color:#fff}.elementor-widget-text-editor.elementor-drop-cap-view-framed .elementor-drop-cap{color:#69727d;border:3px solid;background-color:transparent}.elementor-widget-text-editor:not(.elementor-drop-cap-view-default) .elementor-drop-cap{margin-top:8px}.elementor-widget-text-editor:not(.elementor-drop-cap-view-default) .elementor-drop-cap-letter{width:1em;height:1em}.elementor-widget-text-editor .elementor-drop-cap{float:left;text-align:center;line-height:1;font-size:50px}.elementor-widget-text-editor .elementor-drop-cap-letter{display:inline-block}<\/style>\t\t\t\t<blockquote><p>Chez Tuton Metal, conform\u00e9ment \u00e0 notre vision, mission, valeurs d\u2019entreprise et objectifs, notre Politique du Syst\u00e8me de Gestion Int\u00e9gr\u00e9e vise \u00e0 assurer un environnement de travail sain et s\u00fbr pour nos employ\u00e9s, \u00e0 prendre en compte les principes et exigences de Qualit\u00e9, Environnement et Sant\u00e9 &amp; S\u00e9curit\u00e9 au travail dans tous nos processus, \u00e0 agir conform\u00e9ment aux exigences l\u00e9gales et \u00e0 nous am\u00e9liorer continuellement. Dans ce cadre, nous nous engageons \u00e0;<\/p><\/blockquote><ul><li>Maintenir la sensibilisation de nos employ\u00e9s \u00e0 la qualit\u00e9, \u00e0 l\u2019environnement et \u00e0 la s\u00e9curit\u00e9 au travail de mani\u00e8re continue.\u00a0<\/li><li>Adopter une approche bas\u00e9e sur les processus et centr\u00e9e sur les risques,<\/li><li>Identifier, \u00e9valuer, suivre et, si n\u00e9cessaire, traiter les risques et opportunit\u00e9s susceptibles d\u2019affecter l\u2019atteinte des objectifs de l\u2019entreprise, selon une approche de gestion des risques d\u2019entreprise.<\/li><li>\u00catre orient\u00e9s client, assurer la continuit\u00e9 dans la satisfaction de leurs attentes et traiter efficacement les r\u00e9clamations,<\/li><li>Valoriser la formation et cr\u00e9er une organisation qui apprend, se d\u00e9veloppe et partage en continu,<\/li><li>Assurer la continuit\u00e9 de la formation de nos employ\u00e9s et inculquer la responsabilit\u00e9 qualit\u00e9,<\/li><li>\u00c9liminer les dangers pouvant affecter la sant\u00e9 de nos employ\u00e9s, conform\u00e9ment au principe selon lequel les accidents du travail et maladies professionnelles sont \u00e9vitables, et mettre en place des syst\u00e8mes de contr\u00f4le pour minimiser les risques lorsque l\u2019\u00e9limination n\u2019est pas possible,<\/li><li>R\u00e9duire les d\u00e9chets, augmenter le taux de recyclage et \u00e9conomiser les ressources naturelles,<\/li><li>Prot\u00e9ger l\u2019environnement en privil\u00e9giant des produits et services respectueux de l\u2019environnement et \u00e9conomes en \u00e9nergie,<\/li><li>Mettre en place une organisation capable de r\u00e9pondre aux situations d\u2019urgence,<\/li><li>Se structurer de mani\u00e8re \u00e0 pouvoir intervenir efficacement en cas d\u2019urgence,<\/li><\/ul><p>\u00a0 Nous engageons \u00e0 suivre les \u00e9volutions technologiques avec une approche innovante, \u00e0 r\u00e9aliser des travaux de conception et de d\u00e9veloppement dans nos produits\/processus, et \u00e0 assurer une croissance durable avec nos partenaires et fournisseurs sur le principe du b\u00e9n\u00e9fice mutuel.<\/p>\t\t\t\t\t\t<\/div>\n\t\t\t\t<\/div>\n\t\t\t\t<\/div>\n\t\t<div class=\"elementor-element elementor-element-bf34371 e-con-full e-flex e-con e-child\" data-id=\"bf34371\" data-element_type=\"container\" data-settings=\"{&quot;background_background&quot;:&quot;classic&quot;}\">\n\t\t\t\t<div class=\"elementor-element elementor-element-b4b4867 elementor-widget elementor-widget-image\" data-id=\"b4b4867\" data-element_type=\"widget\" data-widget_type=\"image.default\">\n\t\t\t\t<div class=\"elementor-widget-container\">\n\t\t\t<style>\/*! elementor - v3.20.0 - 13-03-2024 *\/\n.elementor-widget-image{text-align:center}.elementor-widget-image a{display:inline-block}.elementor-widget-image a img[src$=\".svg\"]{width:48px}.elementor-widget-image img{vertical-align:middle;display:inline-block}<\/style>\t\t\t\t\t\t\t\t\t\t<img fetchpriority=\"high\" decoding=\"async\" width=\"1182\" height=\"2560\" src=\"https:\/\/www.tutonmetal.com\/wp-content\/uploads\/2024\/03\/iskele_saha_09-scaled.jpeg\" class=\"attachment-full size-full wp-image-236\" alt=\"\" srcset=\"https:\/\/www.tutonmetal.com\/wp-content\/uploads\/2024\/03\/iskele_saha_09-scaled.jpeg 1182w, https:\/\/www.tutonmetal.com\/wp-content\/uploads\/2024\/03\/iskele_saha_09-139x300.jpeg 139w, https:\/\/www.tutonmetal.com\/wp-content\/uploads\/2024\/03\/iskele_saha_09-473x1024.jpeg 473w, https:\/\/www.tutonmetal.com\/wp-content\/uploads\/2024\/03\/iskele_saha_09-768x1663.jpeg 768w, https:\/\/www.tutonmetal.com\/wp-content\/uploads\/2024\/03\/iskele_saha_09-709x1536.jpeg 709w, https:\/\/www.tutonmetal.com\/wp-content\/uploads\/2024\/03\/iskele_saha_09-946x2048.jpeg 946w, https:\/\/www.tutonmetal.com\/wp-content\/uploads\/2024\/03\/iskele_saha_09-236x510.jpeg 236w\" sizes=\"(max-width: 1182px) 100vw, 1182px\" data-id=\"236\" \/>\t\t\t\t\t\t\t\t\t\t\t\t\t<\/div>\n\t\t\t\t<\/div>\n\t\t\t\t<\/div>\n\t\t\t\t\t<\/div>\n\t\t\t\t<\/div>\n\t\t\t\t<\/div>","protected":false},"excerpt":{"rendered":"<p>ENTEGRE Y\u00d6NET\u0130M S\u0130STEM\u0130 POL\u0130T\u0130KAMIZ Tuton Metal olarak vizyon, misyon, kurumsal de\u011ferlerimiz ve hedeflerimiz do\u011frultusunda olu\u015fturdu\u011fumuz Entegre Y\u00f6netim Sistemi Politikam\u0131z ile \u00e7al\u0131\u015fanlar\u0131m\u0131za sa\u011fl\u0131kl\u0131, g\u00fcvenli bir \u00e7al\u0131\u015fma ortam\u0131 sa\u011flamay\u0131, t\u00fcm s\u00fcre\u00e7lerimizde Kalite, \u00c7evre ve \u0130SG \u00a0prensip ve gerekliliklerini dikkate almay\u0131, yasal gerekliliklere uygun hareket etmeyi ve kendimizi s\u00fcrekli geli\u015ftirmeyi ama\u00e7l\u0131yoruz. Bu ama\u00e7 do\u011frultusunda; \u00c7al\u0131\u015fanlar\u0131m\u0131z\u0131n kalite, \u00e7evre ve &hellip; <a href=\"https:\/\/www.tutonmetal.com\/fr\/politikamiz\/\" class=\"more-link\">Continue reading <span class=\"screen-reader-text\">Politique<\/span><\/a><\/p>","protected":false},"author":2,"featured_media":0,"parent":0,"menu_order":0,"comment_status":"closed","ping_status":"closed","template":"elementor_header_footer","meta":{"footnotes":""},"class_list":["post-1437","page","type-page","status-publish","hentry"],"_links":{"self":[{"href":"https:\/\/www.tutonmetal.com\/fr\/wp-json\/wp\/v2\/pages\/1437","targetHints":{"allow":["GET"]}}],"collection":[{"href":"https:\/\/www.tutonmetal.com\/fr\/wp-json\/wp\/v2\/pages"}],"about":[{"href":"https:\/\/www.tutonmetal.com\/fr\/wp-json\/wp\/v2\/types\/page"}],"author":[{"embeddable":true,"href":"https:\/\/www.tutonmetal.com\/fr\/wp-json\/wp\/v2\/users\/2"}],"replies":[{"embeddable":true,"href":"https:\/\/www.tutonmetal.com\/fr\/wp-json\/wp\/v2\/comments?post=1437"}],"version-history":[{"count":23,"href":"https:\/\/www.tutonmetal.com\/fr\/wp-json\/wp\/v2\/pages\/1437\/revisions"}],"predecessor-version":[{"id":1489,"href":"https:\/\/www.tutonmetal.com\/fr\/wp-json\/wp\/v2\/pages\/1437\/revisions\/1489"}],"wp:attachment":[{"href":"https:\/\/www.tutonmetal.com\/fr\/wp-json\/wp\/v2\/media?parent=1437"}],"curies":[{"name":"wp","href":"https:\/\/api.w.org\/{rel}","templated":true}]}}