{"id":1576,"date":"2026-02-10T16:01:06","date_gmt":"2026-02-10T13:01:06","guid":{"rendered":"https:\/\/tutonmetal.com\/?page_id=1576"},"modified":"2026-02-11T09:19:19","modified_gmt":"2026-02-11T06:19:19","slug":"kurumsal-kimlik","status":"publish","type":"page","link":"https:\/\/www.tutonmetal.com\/fr\/kurumsal-kimlik\/","title":{"rendered":"Identit\u00e9 d'entreprise"},"content":{"rendered":"<div data-elementor-type=\"wp-page\" data-elementor-id=\"1576\" class=\"elementor elementor-1576\">\n\t\t\t\t<div class=\"elementor-element elementor-element-0a79b02 e-flex e-con-boxed e-con e-parent\" data-id=\"0a79b02\" data-element_type=\"container\" data-core-v316-plus=\"true\">\n\t\t\t\t\t<div class=\"e-con-inner\">\n\t\t<div class=\"elementor-element elementor-element-1f51fbe e-con-full e-flex e-con e-child\" data-id=\"1f51fbe\" data-element_type=\"container\">\n\t\t\t\t<div class=\"elementor-element elementor-element-8171498 elementor-widget elementor-widget-image\" data-id=\"8171498\" data-element_type=\"widget\" data-widget_type=\"image.default\">\n\t\t\t\t<div class=\"elementor-widget-container\">\n\t\t\t<style>\/*! elementor - v3.20.0 - 13-03-2024 *\/\n.elementor-widget-image{text-align:center}.elementor-widget-image a{display:inline-block}.elementor-widget-image a img[src$=\".svg\"]{width:48px}.elementor-widget-image img{vertical-align:middle;display:inline-block}<\/style>\t\t\t\t\t\t\t\t\t\t<img decoding=\"async\" width=\"300\" height=\"44\" src=\"https:\/\/www.tutonmetal.com\/wp-content\/uploads\/2024\/03\/tuton-Logo-1.png\" class=\"attachment-large size-large wp-image-10\" alt=\"\" data-id=\"10\" \/>\t\t\t\t\t\t\t\t\t\t\t\t\t<\/div>\n\t\t\t\t<\/div>\n\t\t\t\t<div class=\"elementor-element elementor-element-f3345cc elementor-widget elementor-widget-heading\" data-id=\"f3345cc\" data-element_type=\"widget\" data-widget_type=\"heading.default\">\n\t\t\t\t<div class=\"elementor-widget-container\">\n\t\t\t<style>\/*! elementor - v3.20.0 - 13-03-2024 *\/\n.elementor-heading-title{padding:0;margin:0;line-height:1}.elementor-widget-heading .elementor-heading-title[class*=elementor-size-]>a{color:inherit;font-size:inherit;line-height:inherit}.elementor-widget-heading .elementor-heading-title.elementor-size-small{font-size:15px}.elementor-widget-heading .elementor-heading-title.elementor-size-medium{font-size:19px}.elementor-widget-heading .elementor-heading-title.elementor-size-large{font-size:29px}.elementor-widget-heading .elementor-heading-title.elementor-size-xl{font-size:39px}.elementor-widget-heading .elementor-heading-title.elementor-size-xxl{font-size:59px}<\/style><h3 class=\"elementor-heading-title elementor-size-default\">Guide d'identit\u00e9 visuelle de Tuton<\/h3>\t\t<\/div>\n\t\t\t\t<\/div>\n\t\t\t\t<div class=\"elementor-element elementor-element-be49e62 elementor-widget elementor-widget-spacer\" data-id=\"be49e62\" data-element_type=\"widget\" data-widget_type=\"spacer.default\">\n\t\t\t\t<div class=\"elementor-widget-container\">\n\t\t\t<style>\/*! elementor - v3.20.0 - 13-03-2024 *\/\n.elementor-column .elementor-spacer-inner{height:var(--spacer-size)}.e-con{--container-widget-width:100%}.e-con-inner>.elementor-widget-spacer,.e-con>.elementor-widget-spacer{width:var(--container-widget-width,var(--spacer-size));--align-self:var(--container-widget-align-self,initial);--flex-shrink:0}.e-con-inner>.elementor-widget-spacer>.elementor-widget-container,.e-con>.elementor-widget-spacer>.elementor-widget-container{height:100%;width:100%}.e-con-inner>.elementor-widget-spacer>.elementor-widget-container>.elementor-spacer,.e-con>.elementor-widget-spacer>.elementor-widget-container>.elementor-spacer{height:100%}.e-con-inner>.elementor-widget-spacer>.elementor-widget-container>.elementor-spacer>.elementor-spacer-inner,.e-con>.elementor-widget-spacer>.elementor-widget-container>.elementor-spacer>.elementor-spacer-inner{height:var(--container-widget-height,var(--spacer-size))}.e-con-inner>.elementor-widget-spacer.elementor-widget-empty,.e-con>.elementor-widget-spacer.elementor-widget-empty{position:relative;min-height:22px;min-width:22px}.e-con-inner>.elementor-widget-spacer.elementor-widget-empty .elementor-widget-empty-icon,.e-con>.elementor-widget-spacer.elementor-widget-empty .elementor-widget-empty-icon{position:absolute;top:0;bottom:0;left:0;right:0;margin:auto;padding:0;width:22px;height:22px}<\/style>\t\t<div class=\"elementor-spacer\">\n\t\t\t<div class=\"elementor-spacer-inner\"><\/div>\n\t\t<\/div>\n\t\t\t\t<\/div>\n\t\t\t\t<\/div>\n\t\t\t\t<div class=\"elementor-element elementor-element-54baa0d elementor-align-center tm-btn-color-skincolor tm-btn-style-flat tm-btn-shape-square tm-icon-align-left elementor-widget elementor-widget-button\" data-id=\"54baa0d\" data-element_type=\"widget\" data-widget_type=\"button.default\">\n\t\t\t\t<div class=\"elementor-widget-container\">\n\t\t\t\t\t<div class=\"elementor-button-wrapper\">\n\t\t\t<a class=\"elementor-button elementor-button-link elementor-size-sm\" href=\"https:\/\/tutonmetal.com\/wp-content\/uploads\/2026\/02\/Tuton-Kurumsal-Kimlik-Klavuzu.pdf\">\n\t\t\t\t\t\t<span class=\"elementor-button-content-wrapper\">\n\t\t\t\t\t\t<span class=\"elementor-button-icon elementor-align-icon-left\">\n\t\t\t\t<svg aria-hidden=\"true\" class=\"e-font-icon-svg e-fas-file-download\" viewbox=\"0 0 384 512\" xmlns=\"http:\/\/www.w3.org\/2000\/svg\"><path d=\"M224 136V0H24C10.7 0 0 10.7 0 24v464c0 13.3 10.7 24 24 24h336c13.3 0 24-10.7 24-24V160H248c-13.2 0-24-10.8-24-24zm76.45 211.36l-96.42 95.7c-6.65 6.61-17.39 6.61-24.04 0l-96.42-95.7C73.42 337.29 80.54 320 94.82 320H160v-80c0-8.84 7.16-16 16-16h32c8.84 0 16 7.16 16 16v80h65.18c14.28 0 21.4 17.29 11.27 27.36zM377 105L279.1 7c-4.5-4.5-10.6-7-17-7H256v128h128v-6.1c0-6.3-2.5-12.4-7-16.9z\"><\/path><\/svg>\t\t\t<\/span>\n\t\t\t\t\t\t<span class=\"elementor-button-text\">Cliquez pour t\u00e9l\u00e9charger<\/span>\n\t\t<\/span>\n\t\t\t\t\t<\/a>\n\t\t<\/div>\n\t\t\t\t<\/div>\n\t\t\t\t<\/div>\n\t\t\t\t<\/div>\n\t\t<div class=\"elementor-element elementor-element-bc7e838 e-con-full e-flex e-con e-child\" data-id=\"bc7e838\" data-element_type=\"container\">\n\t\t\t\t<div class=\"elementor-element elementor-element-42100b3 elementor-widget elementor-widget-image\" data-id=\"42100b3\" data-element_type=\"widget\" data-widget_type=\"image.default\">\n\t\t\t\t<div class=\"elementor-widget-container\">\n\t\t\t\t\t\t\t\t\t\t\t\t\t<img fetchpriority=\"high\" decoding=\"async\" width=\"889\" height=\"746\" src=\"https:\/\/www.tutonmetal.com\/wp-content\/uploads\/2026\/02\/Tuton-Kurumsal-Kimlik-Klavuzu-1.jpg\" class=\"attachment-full size-full wp-image-1589\" alt=\"\" srcset=\"https:\/\/www.tutonmetal.com\/wp-content\/uploads\/2026\/02\/Tuton-Kurumsal-Kimlik-Klavuzu-1.jpg 889w, https:\/\/www.tutonmetal.com\/wp-content\/uploads\/2026\/02\/Tuton-Kurumsal-Kimlik-Klavuzu-1-300x252.jpg 300w, https:\/\/www.tutonmetal.com\/wp-content\/uploads\/2026\/02\/Tuton-Kurumsal-Kimlik-Klavuzu-1-768x644.jpg 768w, https:\/\/www.tutonmetal.com\/wp-content\/uploads\/2026\/02\/Tuton-Kurumsal-Kimlik-Klavuzu-1-14x12.jpg 14w, https:\/\/www.tutonmetal.com\/wp-content\/uploads\/2026\/02\/Tuton-Kurumsal-Kimlik-Klavuzu-1-358x300.jpg 358w, https:\/\/www.tutonmetal.com\/wp-content\/uploads\/2026\/02\/Tuton-Kurumsal-Kimlik-Klavuzu-1-608x510.jpg 608w\" sizes=\"(max-width: 889px) 100vw, 889px\" data-id=\"1589\" \/>\t\t\t\t\t\t\t\t\t\t\t\t\t<\/div>\n\t\t\t\t<\/div>\n\t\t\t\t<\/div>\n\t\t\t\t\t<\/div>\n\t\t\t\t<\/div>\n\t\t\t\t<\/div>","protected":false},"excerpt":{"rendered":"<p>Tuton Kurumsal Kimlik Klavuzu \u0130ndirmek \u0130\u00e7in t\u0131klay\u0131n\u0131z<\/p>","protected":false},"author":2,"featured_media":0,"parent":0,"menu_order":0,"comment_status":"closed","ping_status":"closed","template":"","meta":{"footnotes":""},"class_list":["post-1576","page","type-page","status-publish","hentry"],"_links":{"self":[{"href":"https:\/\/www.tutonmetal.com\/fr\/wp-json\/wp\/v2\/pages\/1576","targetHints":{"allow":["GET"]}}],"collection":[{"href":"https:\/\/www.tutonmetal.com\/fr\/wp-json\/wp\/v2\/pages"}],"about":[{"href":"https:\/\/www.tutonmetal.com\/fr\/wp-json\/wp\/v2\/types\/page"}],"author":[{"embeddable":true,"href":"https:\/\/www.tutonmetal.com\/fr\/wp-json\/wp\/v2\/users\/2"}],"replies":[{"embeddable":true,"href":"https:\/\/www.tutonmetal.com\/fr\/wp-json\/wp\/v2\/comments?post=1576"}],"version-history":[{"count":23,"href":"https:\/\/www.tutonmetal.com\/fr\/wp-json\/wp\/v2\/pages\/1576\/revisions"}],"predecessor-version":[{"id":1606,"href":"https:\/\/www.tutonmetal.com\/fr\/wp-json\/wp\/v2\/pages\/1576\/revisions\/1606"}],"wp:attachment":[{"href":"https:\/\/www.tutonmetal.com\/fr\/wp-json\/wp\/v2\/media?parent=1576"}],"curies":[{"name":"wp","href":"https:\/\/api.w.org\/{rel}","templated":true}]}}