{"id":1437,"date":"2026-02-05T10:18:35","date_gmt":"2026-02-05T07:18:35","guid":{"rendered":"https:\/\/tutonmetal.com\/?page_id=1437"},"modified":"2026-02-06T16:16:40","modified_gmt":"2026-02-06T13:16:40","slug":"politikamiz","status":"publish","type":"page","link":"https:\/\/www.tutonmetal.com\/it\/politikamiz\/","title":{"rendered":"Politica"},"content":{"rendered":"<div data-elementor-type=\"wp-page\" data-elementor-id=\"1437\" class=\"elementor elementor-1437\">\n\t\t\t\t<div class=\"elementor-element elementor-element-40325d6 e-flex e-con-boxed e-con e-parent\" data-id=\"40325d6\" data-element_type=\"container\" data-settings=\"{&quot;background_background&quot;:&quot;classic&quot;}\" data-core-v316-plus=\"true\">\n\t\t\t\t\t<div class=\"e-con-inner\">\n\t\t<div class=\"elementor-element elementor-element-4dbe883 e-con-full e-flex e-con e-child\" data-id=\"4dbe883\" data-element_type=\"container\" data-settings=\"{&quot;background_background&quot;:&quot;classic&quot;}\">\n\t\t\t\t<div class=\"elementor-element elementor-element-289afd9 elementor-widget elementor-widget-heading\" data-id=\"289afd9\" data-element_type=\"widget\" data-widget_type=\"heading.default\">\n\t\t\t\t<div class=\"elementor-widget-container\">\n\t\t\t<style>\/*! elementor - v3.20.0 - 13-03-2024 *\/\n.elementor-heading-title{padding:0;margin:0;line-height:1}.elementor-widget-heading .elementor-heading-title[class*=elementor-size-]>a{color:inherit;font-size:inherit;line-height:inherit}.elementor-widget-heading .elementor-heading-title.elementor-size-small{font-size:15px}.elementor-widget-heading .elementor-heading-title.elementor-size-medium{font-size:19px}.elementor-widget-heading .elementor-heading-title.elementor-size-large{font-size:29px}.elementor-widget-heading .elementor-heading-title.elementor-size-xl{font-size:39px}.elementor-widget-heading .elementor-heading-title.elementor-size-xxl{font-size:59px}<\/style><h2 class=\"elementor-heading-title elementor-size-default\">POLITICA DEL SISTEMA DI GESTIONE INTEGRATO<\/h2>\t\t<\/div>\n\t\t\t\t<\/div>\n\t\t\t\t<div class=\"elementor-element elementor-element-c7d58f7 elementor-widget elementor-widget-text-editor\" data-id=\"c7d58f7\" data-element_type=\"widget\" data-widget_type=\"text-editor.default\">\n\t\t\t\t<div class=\"elementor-widget-container\">\n\t\t\t<style>\/*! elementor - v3.20.0 - 13-03-2024 *\/\n.elementor-widget-text-editor.elementor-drop-cap-view-stacked .elementor-drop-cap{background-color:#69727d;color:#fff}.elementor-widget-text-editor.elementor-drop-cap-view-framed .elementor-drop-cap{color:#69727d;border:3px solid;background-color:transparent}.elementor-widget-text-editor:not(.elementor-drop-cap-view-default) .elementor-drop-cap{margin-top:8px}.elementor-widget-text-editor:not(.elementor-drop-cap-view-default) .elementor-drop-cap-letter{width:1em;height:1em}.elementor-widget-text-editor .elementor-drop-cap{float:left;text-align:center;line-height:1;font-size:50px}.elementor-widget-text-editor .elementor-drop-cap-letter{display:inline-block}<\/style>\t\t\t\t<blockquote><p>In qualit\u00e0 di Tuton Metal, in linea con la nostra visione, missione, valori aziendali e obiettivi, la nostra Politica del Sistema di Gestione Integrato mira a garantire ai nostri dipendenti un ambiente di lavoro sano e sicuro, a considerare i principi e i requisiti di Qualit\u00e0, Ambiente e Salute e Sicurezza sul lavoro (EHS) in tutti i nostri processi, ad agire nel rispetto delle normative vigenti e a migliorare continuamente le nostre prestazioni. A tal fine, ci impegniamo a;<\/p><\/blockquote><ul><li>Garantire la continuit\u00e0 della consapevolezza dei nostri dipendenti in materia di qualit\u00e0, ambiente e sicurezza sul lavoro;\u00a0<\/li><li>Adottare un approccio basato sui processi e orientato al rischio;<\/li><li>Identificare, valutare, monitorare e, se necessario, gestire i rischi e le opportunit\u00e0 che possono influire sul raggiungimento degli obiettivi aziendali, secondo un approccio di gestione del rischio aziendale;<\/li><li>Essere orientati al cliente, garantendo la continuit\u00e0 nel soddisfare le sue aspettative e gestendo efficacemente i reclami;<\/li><li>Dare importanza alla formazione creando un\u2019organizzazione che apprende, si sviluppa e condivide continuamente;<\/li><li>Assicurare la continuit\u00e0 della formazione dei dipendenti e promuovere la consapevolezza della responsabilit\u00e0 della qualit\u00e0;<\/li><li>Eliminare i pericoli che possono influire sulla salute dei dipendenti, secondo il principio che gli infortuni sul lavoro e le malattie professionali sono prevenibili, e, quando ci\u00f2 non \u00e8 possibile, valutare il rischio e implementare sistemi di controllo per ridurne al minimo gli effetti;<\/li><li>Prestare la massima attenzione alla salute, alla sicurezza e all\u2019incolumit\u00e0 di tutte le persone e organizzazioni con cui interagiamo, come fornitori, clienti, visitatori e stagisti;<\/li><li>Ridurre i rifiuti, aumentare il tasso di riciclo e promuovere l\u2019uso efficiente delle risorse naturali;<\/li><li>Proteggere l\u2019ambiente privilegiando prodotti e servizi ecologici ed energeticamente efficienti.<\/li><li>Organizzarsi per poter intervenire efficacemente nelle emergenze;<\/li><\/ul><p>\u00a0 Ci impegniamo a monitorare le innovazioni tecnologiche con approccio innovativo, a sviluppare e progettare i nostri prodotti e processi, e a promuovere una crescita sostenibile con i nostri partner e fornitori nel rispetto del principio di reciproco beneficio.<\/p>\t\t\t\t\t\t<\/div>\n\t\t\t\t<\/div>\n\t\t\t\t<\/div>\n\t\t<div class=\"elementor-element elementor-element-bf34371 e-con-full e-flex e-con e-child\" data-id=\"bf34371\" data-element_type=\"container\" data-settings=\"{&quot;background_background&quot;:&quot;classic&quot;}\">\n\t\t\t\t<div class=\"elementor-element elementor-element-b4b4867 elementor-widget elementor-widget-image\" data-id=\"b4b4867\" data-element_type=\"widget\" data-widget_type=\"image.default\">\n\t\t\t\t<div class=\"elementor-widget-container\">\n\t\t\t<style>\/*! elementor - v3.20.0 - 13-03-2024 *\/\n.elementor-widget-image{text-align:center}.elementor-widget-image a{display:inline-block}.elementor-widget-image a img[src$=\".svg\"]{width:48px}.elementor-widget-image img{vertical-align:middle;display:inline-block}<\/style>\t\t\t\t\t\t\t\t\t\t<img fetchpriority=\"high\" decoding=\"async\" width=\"1182\" height=\"2560\" src=\"https:\/\/www.tutonmetal.com\/wp-content\/uploads\/2024\/03\/iskele_saha_09-scaled.jpeg\" class=\"attachment-full size-full wp-image-236\" alt=\"\" srcset=\"https:\/\/www.tutonmetal.com\/wp-content\/uploads\/2024\/03\/iskele_saha_09-scaled.jpeg 1182w, https:\/\/www.tutonmetal.com\/wp-content\/uploads\/2024\/03\/iskele_saha_09-139x300.jpeg 139w, https:\/\/www.tutonmetal.com\/wp-content\/uploads\/2024\/03\/iskele_saha_09-473x1024.jpeg 473w, https:\/\/www.tutonmetal.com\/wp-content\/uploads\/2024\/03\/iskele_saha_09-768x1663.jpeg 768w, https:\/\/www.tutonmetal.com\/wp-content\/uploads\/2024\/03\/iskele_saha_09-709x1536.jpeg 709w, https:\/\/www.tutonmetal.com\/wp-content\/uploads\/2024\/03\/iskele_saha_09-946x2048.jpeg 946w, https:\/\/www.tutonmetal.com\/wp-content\/uploads\/2024\/03\/iskele_saha_09-236x510.jpeg 236w\" sizes=\"(max-width: 1182px) 100vw, 1182px\" data-id=\"236\" \/>\t\t\t\t\t\t\t\t\t\t\t\t\t<\/div>\n\t\t\t\t<\/div>\n\t\t\t\t<\/div>\n\t\t\t\t\t<\/div>\n\t\t\t\t<\/div>\n\t\t\t\t<\/div>","protected":false},"excerpt":{"rendered":"<p>ENTEGRE Y\u00d6NET\u0130M S\u0130STEM\u0130 POL\u0130T\u0130KAMIZ Tuton Metal olarak vizyon, misyon, kurumsal de\u011ferlerimiz ve hedeflerimiz do\u011frultusunda olu\u015fturdu\u011fumuz Entegre Y\u00f6netim Sistemi Politikam\u0131z ile \u00e7al\u0131\u015fanlar\u0131m\u0131za sa\u011fl\u0131kl\u0131, g\u00fcvenli bir \u00e7al\u0131\u015fma ortam\u0131 sa\u011flamay\u0131, t\u00fcm s\u00fcre\u00e7lerimizde Kalite, \u00c7evre ve \u0130SG \u00a0prensip ve gerekliliklerini dikkate almay\u0131, yasal gerekliliklere uygun hareket etmeyi ve kendimizi s\u00fcrekli geli\u015ftirmeyi ama\u00e7l\u0131yoruz. Bu ama\u00e7 do\u011frultusunda; \u00c7al\u0131\u015fanlar\u0131m\u0131z\u0131n kalite, \u00e7evre ve &hellip; <a href=\"https:\/\/www.tutonmetal.com\/it\/politikamiz\/\" class=\"more-link\">Continue reading <span class=\"screen-reader-text\">Politica<\/span><\/a><\/p>","protected":false},"author":2,"featured_media":0,"parent":0,"menu_order":0,"comment_status":"closed","ping_status":"closed","template":"elementor_header_footer","meta":{"footnotes":""},"class_list":["post-1437","page","type-page","status-publish","hentry"],"_links":{"self":[{"href":"https:\/\/www.tutonmetal.com\/it\/wp-json\/wp\/v2\/pages\/1437","targetHints":{"allow":["GET"]}}],"collection":[{"href":"https:\/\/www.tutonmetal.com\/it\/wp-json\/wp\/v2\/pages"}],"about":[{"href":"https:\/\/www.tutonmetal.com\/it\/wp-json\/wp\/v2\/types\/page"}],"author":[{"embeddable":true,"href":"https:\/\/www.tutonmetal.com\/it\/wp-json\/wp\/v2\/users\/2"}],"replies":[{"embeddable":true,"href":"https:\/\/www.tutonmetal.com\/it\/wp-json\/wp\/v2\/comments?post=1437"}],"version-history":[{"count":23,"href":"https:\/\/www.tutonmetal.com\/it\/wp-json\/wp\/v2\/pages\/1437\/revisions"}],"predecessor-version":[{"id":1489,"href":"https:\/\/www.tutonmetal.com\/it\/wp-json\/wp\/v2\/pages\/1437\/revisions\/1489"}],"wp:attachment":[{"href":"https:\/\/www.tutonmetal.com\/it\/wp-json\/wp\/v2\/media?parent=1437"}],"curies":[{"name":"wp","href":"https:\/\/api.w.org\/{rel}","templated":true}]}}